{"id":38,"date":"2015-05-29T07:37:38","date_gmt":"2015-05-29T07:37:38","guid":{"rendered":"http:\/\/hnd.detheme.com\/?page_id=38"},"modified":"2016-06-06T12:15:54","modified_gmt":"2016-06-06T12:15:54","slug":"masproje-masofis-burotime","status":"publish","type":"page","link":"http:\/\/masofis.com\/masproje\/masproje-masofis-burotime\/","title":{"rendered":"Mas Proje"},"content":{"rendered":"<p>[vc_row expanded=&#8221;&#8221; background_type=&#8221;image&#8221; background_style=&#8221;cover&#8221; css=&#8221;.vc_custom_1433315937751{margin-top: 100px !important;}&#8221;][vc_column][vc_single_image image=&#8221;2941&#8243; img_size=&#8221;full&#8221; alignment=&#8221;center&#8221; css_animation=&#8221;bottom-to-top&#8221;][\/vc_column][\/vc_row][vc_row expanded=&#8221;&#8221; background_type=&#8221;image&#8221; background_style=&#8221;cover&#8221; css=&#8221;.vc_custom_1462606779743{margin-top: 40px !important;}&#8221; gap=&#8221;0&#8243; full_height=&#8221;&#8221; columns_placement=&#8221;middle&#8221; equal_height=&#8221;&#8221; content_placement=&#8221;&#8221; el_id=&#8221;&#8221; el_class=&#8221;&#8221; video_source=&#8221;local&#8221; background_video=&#8221;&#8221; background_video_webm=&#8221;&#8221; background_image=&#8221;&#8221; video_bg_url=&#8221;&#8221;][vc_column width=&#8221;1\/2&#8243;][section_header use_decoration=&#8221;0&#8243; main_heading=&#8221;Mas Proje&#8217;ye Ho\u015f Geld\u0130N\u0130Z!&#8221; text_align=&#8221;left&#8221; font_size=&#8221;xlarge&#8221; color=&#8221;#000000&#8243; spy=&#8221;uk-animation-slide-left&#8221; css=&#8221;.vc_custom_1434600403159{margin-top: -15px !important;}&#8221;][\/vc_column][vc_column width=&#8221;1\/2&#8243;][vc_column_text css_animation=&#8221;right-to-left&#8221;]Bundan y\u0131llar \u00f6nce, hayallerinizi ger\u00e7e\u011fe d\u00f6n\u00fc\u015ft\u00fcrme hayaliyle\u00a0Mas Ofis olarak ba\u015flad\u0131k yolculu\u011fumuza&#8230;<\/p>\n<p>Ve bug\u00fcn\u00a0ilk g\u00fcnk\u00fc heyecan\u0131m\u0131zla yarat\u0131c\u0131 \u00e7\u00f6z\u00fcmleri g\u00fc\u00e7l\u00fc tasar\u0131mlarla bir araya getiriyor; \u00e7al\u0131\u015ft\u0131\u011f\u0131m\u0131z y\u00fczlerce firmaya konforlu, ferah, stil sahibi, i\u015flevsel ve ilham verici \u00e7al\u0131\u015fma alanlar\u0131 yarat\u0131yoruz. D\u00fcnyan\u0131n mobilya devlerinden B\u00fcrotime&#8217;\u0131n en b\u00fcy\u00fck yetkili bayisi ve kendi proje ekibiyle hizmet veren Mas Proje olarak, kusursuz hizmet anlay\u0131\u015f\u0131m\u0131zla sizin i\u00e7in, size \u00f6zel \u00e7izgiler \u00e7iziyoruz. \u00c7\u00fcnk\u00fc iyi mimari projelerin y\u00fcksek i\u015f performans\u0131n\u0131 da beraberinde getirdi\u011fini biliyoruz.[\/vc_column_text][\/vc_column][\/vc_row][vc_row expanded=&#8221;2&#8243; background_type=&#8221;image&#8221; background_style=&#8221;cover&#8221; css=&#8221;.vc_custom_1462606808322{margin-top: 60px !important;padding-top: 100px !important;padding-bottom: 150px !important;background-color: #eac809 !important;}&#8221; el_class=&#8221;text-white&#8221; gap=&#8221;0&#8243; full_height=&#8221;&#8221; columns_placement=&#8221;middle&#8221; equal_height=&#8221;&#8221; content_placement=&#8221;&#8221; el_id=&#8221;&#8221; video_source=&#8221;local&#8221; background_video=&#8221;&#8221; background_video_webm=&#8221;&#8221; background_image=&#8221;&#8221; video_bg_url=&#8221;&#8221;][vc_column][vc_row_inner][vc_column_inner width=&#8221;1\/2&#8243;][section_header use_decoration=&#8221;0&#8243; text_align=&#8221;left&#8221; color=&#8221;#ffffff&#8221; spy=&#8221;uk-animation-slide-left&#8221; css=&#8221;.vc_custom_1462607160916{margin-top: -10px !important;padding-bottom: 40px !important;}&#8221;][vc_column_text css_animation=&#8221;left-to-right&#8221; css=&#8221;.vc_custom_1462607152757{margin-bottom: 40px !important;}&#8221;][\/vc_column_text][\/vc_column_inner][vc_column_inner width=&#8221;1\/2&#8243; css=&#8221;.vc_custom_1433322837860{padding-left: 0px !important;}&#8221;][vc_column_text css_animation=&#8221;right-to-left&#8221; el_class=&#8221;col-xs-8&#8243;][\/vc_column_text][\/vc_column_inner][\/vc_row_inner][vc_row_inner][vc_column_inner width=&#8221;1\/4&#8243;][\/vc_column_inner][\/vc_row_inner][vc_row_inner][vc_column_inner width=&#8221;1\/4&#8243;][\/vc_column_inner][vc_column_inner width=&#8221;3\/4&#8243; css=&#8221;.vc_custom_1433322837860{padding-left: 0px !important;}&#8221;][\/vc_column_inner][\/vc_row_inner][vc_row_inner][vc_column_inner width=&#8221;1\/4&#8243;][\/vc_column_inner][\/vc_row_inner][vc_row_inner][vc_column_inner width=&#8221;1\/4&#8243;][\/vc_column_inner][\/vc_row_inner][\/vc_column][\/vc_row][vc_row expanded=&#8221;&#8221; background_type=&#8221;image&#8221; background_style=&#8221;cover&#8221; css=&#8221;.vc_custom_1433383134036{margin-top: -150px !important;}&#8221;][vc_column width=&#8221;1\/3&#8243; css=&#8221;.vc_custom_1434420016209{border-top-width: 1px !important;border-right-width: 1px !important;border-bottom-width: 1px !important;border-left-width: 1px !important;padding-right: 0px !important;padding-left: 0px !important;border-left-color: #f3f3f3 !important;border-left-style: solid !important;border-right-color: #f3f3f3 !important;border-right-style: solid !important;border-top-color: #f3f3f3 !important;border-top-style: solid !important;border-bottom-color: #f3f3f3 !important;border-bottom-style: solid !important;}&#8221;][vc_single_image image=&#8221;3385&#8243; img_size=&#8221;full&#8221; alignment=&#8221;center&#8221; css_animation=&#8221;left-to-right&#8221;][\/vc_column][vc_column width=&#8221;1\/3&#8243; css=&#8221;.vc_custom_1434420144912{border-top-width: 1px !important;border-right-width: 1px !important;border-bottom-width: 1px !important;padding-right: 0px !important;padding-left: 0px !important;border-right-color: #f3f3f3 !important;border-right-style: solid !important;border-top-color: #f3f3f3 !important;border-top-style: solid !important;border-bottom-color: #f3f3f3 !important;border-bottom-style: solid !important;}&#8221;][vc_single_image image=&#8221;3387&#8243; img_size=&#8221;full&#8221; alignment=&#8221;center&#8221; css_animation=&#8221;bottom-to-top&#8221;][\/vc_column][vc_column width=&#8221;1\/3&#8243; css=&#8221;.vc_custom_1434420070139{border-top-width: 1px !important;border-right-width: 1px !important;border-bottom-width: 1px !important;padding-right: 0px !important;padding-left: 0px !important;border-right-color: #f3f3f3 !important;border-right-style: solid !important;border-top-color: #f3f3f3 !important;border-top-style: solid !important;border-bottom-color: #f3f3f3 !important;border-bottom-style: solid !important;}&#8221;][vc_single_image image=&#8221;3386&#8243; img_size=&#8221;full&#8221; alignment=&#8221;center&#8221; css_animation=&#8221;right-to-left&#8221;][\/vc_column][\/vc_row][vc_row full_width=&#8221;&#8221; parallax=&#8221;&#8221; parallax_image=&#8221;&#8221; expanded=&#8221;&#8221; background_type=&#8221;image&#8221; background_style=&#8221;cover&#8221; css=&#8221;.vc_custom_1433316216058{margin-top: 40px !important;}&#8221;][vc_column][section_header use_decoration=&#8221;0&#8243; main_heading=&#8221;Alan\u0131nda uzman onlarca \u0130S\u0130m s\u0130Z\u0130n \u0130\u00c7\u0130n Mas OF\u0130s\u2019te&#8221; text_align=&#8221;left&#8221; color=&#8221;#818181&#8243; spy=&#8221;uk-animation-slide-left&#8221;][vc_column_text css_animation=&#8221;left-to-right&#8221;]<\/p>\n<p style=\"text-align: left; font-family: lora; font-size: 24px; font-style: italic;\"><span style=\"color: #545454;\">Mimar ve i\u00e7 mimarlardan olu\u015fan geni\u015f tasar\u0131m ekibimiz; konusunda uzman idari ve teknik kadromuzla hayallerinizi ger\u00e7ekle\u015ftiriyoruz&#8230;<\/span><\/p>\n<p>[\/vc_column_text][vc_column_text css_animation=&#8221;right-to-left&#8221;]<strong>Sizi dinliyor ve \u00e7al\u0131\u015fmaya ihtiya\u00e7lar\u0131n\u0131z dahilinde bir plan haz\u0131rlamakla ba\u015fl\u0131yoruz.<\/strong><\/p>\n<p>\u00c7al\u0131\u015fan ve y\u00f6netici say\u0131n\u0131z\u0131, toplant\u0131 odas\u0131, a\u00e7\u0131k ofis ve mutfak gibi t\u00fcm ihtiya\u00e7lar\u0131n\u0131z\u0131 detayl\u0131 bir \u015fekilde \u00f6\u011freniyor; i\u015f alan\u0131n\u0131z\u0131, stilinizi ve ihtiya\u00e7lar\u0131n\u0131z\u0131 g\u00f6z \u00f6n\u00fcnde bulundurarak size en uygun konsepti olu\u015fturuyoruz. Haz\u0131rlanan detayl\u0131 plan\u0131n onay\u0131ndan sonra projenin \u00fc\u00e7 boyutlu \u00e7al\u0131\u015fmalar\u0131n\u0131 haz\u0131rl\u0131yor ve ofisinizin gelecekteki g\u00f6r\u00fcnt\u00fcs\u00fcn\u00fc birebir g\u00f6rmenizi sa\u011fl\u0131yor, sonras\u0131nda i\u015fe koyuluyoruz.<\/p>\n<p>Her saniyenin \u00f6nemini biliyoruz. Sonuca ilerlerken her an\u0131 verimli kullan\u0131yor\u00a0ve\u00a0ofisinizi\u00a0\u00e7al\u0131\u015fmaya hemen ba\u015flayabilece\u011finiz \u015fekilde\u00a0size teslim ediyoruz.[\/vc_column_text][vc_single_image image=&#8221;3446&#8243; img_size=&#8221;full&#8221; alignment=&#8221;center&#8221; css_animation=&#8221;bottom-to-top&#8221;][\/vc_column][\/vc_row][vc_row expanded=&#8221;&#8221; background_type=&#8221;image&#8221; background_style=&#8221;cover&#8221; css=&#8221;.vc_custom_1433384982515{margin-top: 60px !important;margin-bottom: 100px !important;}&#8221;][vc_column][section_header use_decoration=&#8221;0&#8243; main_heading=&#8221;\u00c7\u00d6Z\u00dcM ORTAKLARIMIZ&#8221; color=&#8221;#000000&#8243; spy=&#8221;uk-animation-slide-left&#8221;][vc_row_inner css=&#8221;.vc_custom_1433384733462{margin-top: 60px !important;}&#8221;][vc_column_inner width=&#8221;1\/4&#8243;][\/vc_column_inner][vc_column_inner width=&#8221;1\/4&#8243; css=&#8221;.vc_custom_1434420332754{padding-top: 30px !important;padding-bottom: 30px !important;}&#8221;][vc_single_image image=&#8221;2959&#8243; img_size=&#8221;full&#8221; alignment=&#8221;center&#8221; css_animation=&#8221;bottom-to-top&#8221;][\/vc_column_inner][vc_column_inner width=&#8221;1\/4&#8243; css=&#8221;.vc_custom_1434420345257{padding-top: 30px !important;padding-bottom: 30px !important;}&#8221;][vc_single_image image=&#8221;2961&#8243; img_size=&#8221;full&#8221; alignment=&#8221;center&#8221; css_animation=&#8221;bottom-to-top&#8221;][\/vc_column_inner][vc_column_inner width=&#8221;1\/4&#8243;][\/vc_column_inner][\/vc_row_inner][\/vc_column][\/vc_row]<\/p>\n","protected":false},"excerpt":{"rendered":"<p>[vc_row expanded=&#8221;&#8221; background_type=&#8221;image&#8221; background_style=&#8221;cover&#8221; css=&#8221;.vc_custom_1433315937751{margin-top: 100px !important;}&#8221;][vc_column][vc_single_image image=&#8221;2941&#8243; img_size=&#8221;full&#8221; alignment=&#8221;center&#8221; css_animation=&#8221;bottom-to-top&#8221;][\/vc_column][\/vc_row][vc_row expanded=&#8221;&#8221; background_type=&#8221;image&#8221; background_style=&#8221;cover&#8221; css=&#8221;.vc_custom_1462606779743{margin-top: 40px !important;}&#8221; gap=&#8221;0&#8243; full_height=&#8221;&#8221; columns_placement=&#8221;middle&#8221; equal_height=&#8221;&#8221; content_placement=&#8221;&#8221; el_id=&#8221;&#8221; el_class=&#8221;&#8221; video_source=&#8221;local&#8221; background_video=&#8221;&#8221; background_video_webm=&#8221;&#8221; background_image=&#8221;&#8221; video_bg_url=&#8221;&#8221;][vc_column width=&#8221;1\/2&#8243;][section_header use_decoration=&#8221;0&#8243; main_heading=&#8221;Mas Proje&#8217;ye Ho\u015f Geld\u0130N\u0130Z!&#8221; text_align=&#8221;left&#8221; font_size=&#8221;xlarge&#8221; color=&#8221;#000000&#8243; spy=&#8221;uk-animation-slide-left&#8221; css=&#8221;.vc_custom_1434600403159{margin-top: -15px !important;}&#8221;][\/vc_column][vc_column width=&#8221;1\/2&#8243;][vc_column_text css_animation=&#8221;right-to-left&#8221;]Bundan y\u0131llar \u00f6nce, hayallerinizi ger\u00e7e\u011fe d\u00f6n\u00fc\u015ft\u00fcrme hayaliyle\u00a0Mas Ofis olarak ba\u015flad\u0131k yolculu\u011fumuza&#8230; Ve&hellip;<\/p>\n","protected":false},"author":1,"featured_media":3440,"parent":0,"menu_order":0,"comment_status":"open","ping_status":"open","template":"fullwidth.php","meta":{"_vp_format_video_url":"","_vp_image_focal_point":[]},"_links":{"self":[{"href":"http:\/\/masofis.com\/masproje\/wp-json\/wp\/v2\/pages\/38"}],"collection":[{"href":"http:\/\/masofis.com\/masproje\/wp-json\/wp\/v2\/pages"}],"about":[{"href":"http:\/\/masofis.com\/masproje\/wp-json\/wp\/v2\/types\/page"}],"author":[{"embeddable":true,"href":"http:\/\/masofis.com\/masproje\/wp-json\/wp\/v2\/users\/1"}],"replies":[{"embeddable":true,"href":"http:\/\/masofis.com\/masproje\/wp-json\/wp\/v2\/comments?post=38"}],"version-history":[{"count":23,"href":"http:\/\/masofis.com\/masproje\/wp-json\/wp\/v2\/pages\/38\/revisions"}],"predecessor-version":[{"id":3448,"href":"http:\/\/masofis.com\/masproje\/wp-json\/wp\/v2\/pages\/38\/revisions\/3448"}],"wp:featuredmedia":[{"embeddable":true,"href":"http:\/\/masofis.com\/masproje\/wp-json\/wp\/v2\/media\/3440"}],"wp:attachment":[{"href":"http:\/\/masofis.com\/masproje\/wp-json\/wp\/v2\/media?parent=38"}],"curies":[{"name":"wp","href":"https:\/\/api.w.org\/{rel}","templated":true}]}}