{"id":340,"date":"2015-06-09T03:35:35","date_gmt":"2015-06-09T03:35:35","guid":{"rendered":"http:\/\/hnd.detheme.com\/?page_id=340"},"modified":"2016-05-30T06:20:14","modified_gmt":"2016-05-30T06:20:14","slug":"iletisim","status":"publish","type":"page","link":"http:\/\/masofis.com\/masproje\/iletisim\/","title":{"rendered":"Mas Of\u0130s \u0130let\u0130\u015f\u0130m"},"content":{"rendered":"<p>[vc_row][vc_column][vc_column_text]<\/p>\n<h2 style=\"text-align: center;\"><b>Masofis Mobilya ve Tasar\u0131m Ltd. \u015eti.<\/b><\/h2>\n<p>[\/vc_column_text][\/vc_column][\/vc_row][vc_row css=&#8221;.vc_custom_1434425819051{margin-bottom: 100px !important;}&#8221; expanded=&#8221;&#8221; background_type=&#8221;image&#8221; background_style=&#8221;cover&#8221;][vc_column width=&#8221;1\/2&#8243; css=&#8221;.vc_custom_1462602626100{padding-left: 5px !important;}&#8221;][vc_column_text]<\/p>\n<p style=\"text-align: center;\"><span style=\"color: #808080;\"><strong>Proje Ofisi\u00a0\/ Showroom<\/strong><\/span><\/p>\n<p style=\"text-align: center;\">\u00c7etin Eme\u00e7 Bulvar\u0131<br \/>\nNo:41\/16 A. \u00d6ve\u00e7ler \/\u00a0<b>ANKARA<\/b><br \/>\n<b>Tel:\u00a0<\/b>0 312 480 22 88 \/ 480 22 11<br \/>\n<b>Faks:\u00a0<\/b>0 312 480 22 68<\/p>\n<p style=\"text-align: center;\"><strong>E-mail<\/strong>: info@masofis.com<\/p>\n<p>[\/vc_column_text]<div id=\"map-canvas1\" class=\"google-map\" style=\"height:300px;width:100%\"><\/div><script type=\"text\/javascript\">jQuery(document).ready(function($) {\r\n                try {\r\n                    var map,center = new google.maps.LatLng(39.896336,32.831985),style=[{\"featureType\":\"landscape\",\"stylers\":[{\"saturation\":-100},{\"lightness\":60}]},{\"featureType\":\"road.local\",\"stylers\":[{\"saturation\":-100},{\"lightness\":40},{\"visibility\":\"on\"}]},{\"featureType\":\"transit\",\"stylers\":[{\"saturation\":-100},{\"visibility\":\"simplified\"}]},{\"featureType\":\"administrative.province\",\"stylers\":[{\"visibility\":\"off\"}]},{\"featureType\":\"water\",\"stylers\":[{\"visibility\":\"on\"},{\"lightness\":30}]},{\"featureType\":\"road.highway\",\"elementType\":\"geometry.fill\",\"stylers\":[{\"color\":\"#ef8c25\"},{\"lightness\":40}]},{\"featureType\":\"road.highway\",\"elementType\":\"geometry.stroke\",\"stylers\":[{\"visibility\":\"off\"}]},{\"featureType\":\"poi.park\",\"elementType\":\"geometry.fill\",\"stylers\":[{\"color\":\"#b6c54c\"},{\"lightness\":40},{\"saturation\":-40}]},{}],\r\n                    mapOptions = {center: center,mapTypeControl: false,zoom: 14,scrollwheel:false,styles:style};\r\n                    var iconMarker = {url: 'http:\/\/masofis.com\/masproje\/wp-content\/uploads\/2015\/06\/marker08-3.png'};\r\n                    \r\n                    map = new google.maps.Map(document.getElementById('map-canvas1'),mapOptions);\r\n                    var marker = new google.maps.Marker({\r\n                        position: center,\r\n                        map: map,\r\n                      icon: iconMarker  \r\n                    });\r\n                    \r\n                } catch ($err) {\r\n                }\r\n        });\r\n<\/script>\n[\/vc_column][vc_column width=&#8221;1\/2&#8243;][vc_column_text]<\/p>\n<p style=\"text-align: center;\"><span style=\"color: #808080;\"><strong>Merkez\u00a0\/ Showroom<\/strong><\/span><\/p>\n<p style=\"text-align: center;\">Karacakaya Caddesi<br \/>\nNo:46 Siteler \/\u00a0<b>ANKARA<\/b><br \/>\n<b>Tel:<\/b>\u00a00 312 350 89 35 \/ 353 70 56<br \/>\n<b>Faks:<\/b>\u00a00 312 350 82 15<\/p>\n<p style=\"text-align: center;\"><strong>E-mail<\/strong>: info@masofis.com<\/p>\n<p>[\/vc_column_text]<div id=\"map-canvas2\" class=\"google-map\" style=\"height:300px;width:100%\"><\/div><script type=\"text\/javascript\">jQuery(document).ready(function($) {\r\n                try {\r\n                    var map,center = new google.maps.LatLng(39.960617,32.892613),style=[{\"featureType\":\"landscape\",\"stylers\":[{\"saturation\":-100},{\"lightness\":60}]},{\"featureType\":\"road.local\",\"stylers\":[{\"saturation\":-100},{\"lightness\":40},{\"visibility\":\"on\"}]},{\"featureType\":\"transit\",\"stylers\":[{\"saturation\":-100},{\"visibility\":\"simplified\"}]},{\"featureType\":\"administrative.province\",\"stylers\":[{\"visibility\":\"off\"}]},{\"featureType\":\"water\",\"stylers\":[{\"visibility\":\"on\"},{\"lightness\":30}]},{\"featureType\":\"road.highway\",\"elementType\":\"geometry.fill\",\"stylers\":[{\"color\":\"#ef8c25\"},{\"lightness\":40}]},{\"featureType\":\"road.highway\",\"elementType\":\"geometry.stroke\",\"stylers\":[{\"visibility\":\"off\"}]},{\"featureType\":\"poi.park\",\"elementType\":\"geometry.fill\",\"stylers\":[{\"color\":\"#b6c54c\"},{\"lightness\":40},{\"saturation\":-40}]},{}],\r\n                    mapOptions = {center: center,mapTypeControl: false,zoom: 14,scrollwheel:false,styles:style};\r\n                    var iconMarker = {url: 'http:\/\/masofis.com\/masproje\/wp-content\/uploads\/2015\/06\/pin2.png'};\r\n                    \r\n                    map = new google.maps.Map(document.getElementById('map-canvas2'),mapOptions);\r\n                    var marker = new google.maps.Marker({\r\n                        position: center,\r\n                        map: map,\r\n                      icon: iconMarker  \r\n                    });\r\n                    \r\n                } catch ($err) {\r\n                }\r\n        });\r\n<\/script>\n[\/vc_column][\/vc_row][vc_row][vc_column][vc_separator][\/vc_column][\/vc_row][vc_row][vc_column]\t<div id=\"ninja_forms_form_1_cont\" class=\"ninja-forms-cont\">\n\t\t<div id=\"ninja_forms_form_1_wrap\" class=\"ninja-forms-form-wrap\">\n\t<div id=\"ninja_forms_form_1_response_msg\" style=\"\" class=\"ninja-forms-response-msg \"><\/div>\t<form id=\"ninja_forms_form_1\" enctype=\"multipart\/form-data\" method=\"post\" name=\"\" action=\"\" class=\"ninja-forms-form\">\n\n\t<input type=\"hidden\" id=\"_wpnonce\" name=\"_wpnonce\" value=\"d5e69f4b16\" \/><input type=\"hidden\" name=\"_wp_http_referer\" value=\"\/masproje\/wp-json\/wp\/v2\/pages\/340\" \/>\t<input type=\"hidden\" name=\"_ninja_forms_display_submit\" value=\"1\">\n\t<input type=\"hidden\" name=\"_form_id\"  id=\"_form_id\" value=\"1\">\n\t\t<div class=\"hp-wrap\">\n\t\t<label>If you are a human and are seeing this field, please leave it blank.\t\t\t<input type=\"text\" value=\"\" name=\"_eUtY2\">\n\t\t\t<input type=\"hidden\" value=\"_eUtY2\" name=\"_hp_name\">\n\t\t<\/label>\n\t<\/div>\n\t\t<div id=\"ninja_forms_form_1_all_fields_wrap\" class=\"ninja-forms-all-fields-wrap\">\n\t\t\t\t\t\t\t<div class=\"field-wrap text-wrap label-above\"  id=\"ninja_forms_field_1_div_wrap\" data-visible=\"1\">\n\t\t\t\t\t\t\t<input type=\"hidden\" id=\"ninja_forms_field_1_type\" value=\"text\">\n\t\t<label for=\"ninja_forms_field_1\" id=\"ninja_forms_field_1_label\" class=\"\">\u0130sim Soyad \t\t\t\t<\/label>\n\t\t\t<input id=\"ninja_forms_field_1\" data-mask=\"\" data-input-limit=\"\" data-input-limit-type=\"char\" data-input-limit-msg=\"\" name=\"ninja_forms_field_1\" type=\"text\" placeholder=\"\" class=\"ninja-forms-field  \" value=\"\" rel=\"1\"   \/>\n\t\t<div id=\"ninja_forms_field_1_error\" style=\"display:none;\" class=\"ninja-forms-field-error\">\n\t\t<\/div>\n\t\t\t\t\t\t\t<\/div>\n\t\t\t\t\t\t\t\t\t\t\t\t<div class=\"field-wrap text-wrap label-above\"  id=\"ninja_forms_field_2_div_wrap\" data-visible=\"1\">\n\t\t\t\t\t\t\t<input type=\"hidden\" id=\"ninja_forms_field_2_type\" value=\"text\">\n\t\t<label for=\"ninja_forms_field_2\" id=\"ninja_forms_field_2_label\" class=\"\">Email Adresiniz \t\t\t\t<\/label>\n\t\t\t<input id=\"ninja_forms_field_2\" data-mask=\"\" data-input-limit=\"\" data-input-limit-type=\"char\" data-input-limit-msg=\"\" name=\"ninja_forms_field_2\" type=\"text\" placeholder=\"\" class=\"ninja-forms-field  \" value=\"\" rel=\"2\"   \/>\n\t\t<div id=\"ninja_forms_field_2_error\" style=\"display:none;\" class=\"ninja-forms-field-error\">\n\t\t<\/div>\n\t\t\t\t\t\t\t<\/div>\n\t\t\t\t\t\t\t\t\t\t\t\t<div class=\"field-wrap textarea-wrap label-above\"  id=\"ninja_forms_field_3_div_wrap\" data-visible=\"1\">\n\t\t\t\t\t\t\t<input type=\"hidden\" id=\"ninja_forms_field_3_type\" value=\"textarea\">\n\t\t<label for=\"ninja_forms_field_3\" id=\"ninja_forms_field_3_label\" class=\"\">Mesaj\u0131n\u0131z \t\t\t\t<\/label>\n\t\t\t\t<textarea name=\"ninja_forms_field_3\" id=\"ninja_forms_field_3\" class=\"ninja-forms-field \" rel=\"3\" data-input-limit=\"\" data-input-limit-type=\"char\" data-input-limit-msg=\"\"><\/textarea>\n\t\t\t<div id=\"ninja_forms_field_3_error\" style=\"display:none;\" class=\"ninja-forms-field-error\">\n\t\t<\/div>\n\t\t\t\t\t\t\t<\/div>\n\t\t\t\t\t\t\t\t\t\t\t\t<div class=\"field-wrap submit-wrap label-above\"  id=\"ninja_forms_field_5_div_wrap\" data-visible=\"1\">\n\t\t\t\t\t\t\t<input type=\"hidden\" id=\"ninja_forms_field_5_type\" value=\"submit\">\n\t<div id=\"nf_submit_1\">\n\t\t<input type=\"submit\" name=\"_ninja_forms_field_5\" class=\"ninja-forms-field \" id=\"ninja_forms_field_5\" value=\"G\u00f6nder\" rel=\"5\" >\n\t<\/div>\n\t<div id=\"nf_processing_1\" style=\"display:none;\">\n\t\t<input type=\"submit\" name=\"_ninja_forms_field_5\" class=\"ninja-forms-field \" id=\"ninja_forms_field_5\" value=\"G\u00f6deriliyor...\" rel=\"5\" disabled>\n\t<\/div>\n\t\t<div id=\"ninja_forms_field_5_error\" style=\"display:none;\" class=\"ninja-forms-field-error\">\n\t\t<\/div>\n\t\t\t\t\t\t\t<\/div>\n\t\t\t\t\t\t\t<\/div>\n\t\t<\/form>\n\t\t<\/div>\n\t\t<\/div>\n\t[\/vc_column][\/vc_row][vc_row][vc_column width=&#8221;1\/3&#8243;][\/vc_column][vc_column width=&#8221;1\/3&#8243;][vc_btn title=&#8221;\u0130nsan Kaynaklar\u0131 Formu&#8221; color=&#8221;orange&#8221; size=&#8221;lg&#8221; align=&#8221;center&#8221; button_block=&#8221;true&#8221; link=&#8221;url:http%3A%2F%2Fmasofis.com%2Fmasproje%2Finsankaynaklariformu%2F|title:Mas%20Proje%20%C4%B0nsan%20Kaynaklar%C4%B1%20Formu|target:%20_blank&#8221;][\/vc_column][vc_column width=&#8221;1\/3&#8243;][\/vc_column][\/vc_row]<\/p>\n","protected":false},"excerpt":{"rendered":"<p>[vc_row][vc_column][vc_column_text] Masofis Mobilya ve Tasar\u0131m Ltd. \u015eti. [\/vc_column_text][\/vc_column][\/vc_row][vc_row css=&#8221;.vc_custom_1434425819051{margin-bottom: 100px !important;}&#8221; expanded=&#8221;&#8221; background_type=&#8221;image&#8221; background_style=&#8221;cover&#8221;][vc_column width=&#8221;1\/2&#8243; css=&#8221;.vc_custom_1462602626100{padding-left: 5px !important;}&#8221;][vc_column_text] Proje Ofisi\u00a0\/ Showroom \u00c7etin Eme\u00e7 Bulvar\u0131 No:41\/16 A. \u00d6ve\u00e7ler \/\u00a0ANKARA Tel:\u00a00 312 480 22 88 \/ 480 22 11 Faks:\u00a00 312 480 22 68 E-mail: info@masofis.com [\/vc_column_text][\/vc_column][vc_column width=&#8221;1\/2&#8243;][vc_column_text] Merkez\u00a0\/ Showroom Karacakaya Caddesi No:46 Siteler \/\u00a0ANKARA Tel:\u00a00 312&hellip;<\/p>\n","protected":false},"author":1,"featured_media":3068,"parent":0,"menu_order":0,"comment_status":"open","ping_status":"open","template":"fullwidth.php","meta":{"_vp_format_video_url":"","_vp_image_focal_point":[]},"_links":{"self":[{"href":"http:\/\/masofis.com\/masproje\/wp-json\/wp\/v2\/pages\/340"}],"collection":[{"href":"http:\/\/masofis.com\/masproje\/wp-json\/wp\/v2\/pages"}],"about":[{"href":"http:\/\/masofis.com\/masproje\/wp-json\/wp\/v2\/types\/page"}],"author":[{"embeddable":true,"href":"http:\/\/masofis.com\/masproje\/wp-json\/wp\/v2\/users\/1"}],"replies":[{"embeddable":true,"href":"http:\/\/masofis.com\/masproje\/wp-json\/wp\/v2\/comments?post=340"}],"version-history":[{"count":18,"href":"http:\/\/masofis.com\/masproje\/wp-json\/wp\/v2\/pages\/340\/revisions"}],"predecessor-version":[{"id":3449,"href":"http:\/\/masofis.com\/masproje\/wp-json\/wp\/v2\/pages\/340\/revisions\/3449"}],"wp:featuredmedia":[{"embeddable":true,"href":"http:\/\/masofis.com\/masproje\/wp-json\/wp\/v2\/media\/3068"}],"wp:attachment":[{"href":"http:\/\/masofis.com\/masproje\/wp-json\/wp\/v2\/media?parent=340"}],"curies":[{"name":"wp","href":"https:\/\/api.w.org\/{rel}","templated":true}]}}