{"id":294,"date":"2015-06-08T01:06:10","date_gmt":"2015-06-08T01:06:10","guid":{"rendered":"http:\/\/hnd.detheme.com\/?page_id=294"},"modified":"2016-04-19T08:33:29","modified_gmt":"2016-04-19T08:33:29","slug":"referanslarimiz","status":"publish","type":"page","link":"http:\/\/masofis.com\/masproje\/referanslarimiz\/","title":{"rendered":"REFERANSLARIMIZ"},"content":{"rendered":"<p>[vc_row background_style=&#8221;cover&#8221; full_width=&#8221;&#8221; parallax=&#8221;&#8221; parallax_image=&#8221;&#8221; css=&#8221;.vc_custom_1433492643327{margin-top: 100px !important;}&#8221;][vc_column width=&#8221;1\/2&#8243; css=&#8221;.vc_custom_1433492792397{padding-right: 30px !important;padding-bottom: 60px !important;}&#8221;][section_header use_decoration=&#8221;0&#8243; main_heading=&#8221;REFERANSLARIMIZ&#8221; text_align=&#8221;left&#8221; font_size=&#8221;xlarge&#8221; color=&#8221;#000000&#8243; css=&#8221;.vc_custom_1460906301580{margin-top: -15px !important;}&#8221;][vc_column_text]<\/p>\n<p style=\"text-align: left; font-family: lora; font-size: 24px; font-style: italic;\">Biz her i\u015fimizin alt\u0131na imzam\u0131z\u0131 atar\u0131z. \u00c7eyrek as\u0131rd\u0131r bizimle g\u00fclen y\u00fczler en b\u00fcy\u00fck kan\u0131t\u0131m\u0131z\u2026<\/p>\n<p>[\/vc_column_text][\/vc_column][vc_column width=&#8221;1\/2&#8243; css=&#8221;.vc_custom_1433493327239{padding-bottom: 60px !important;}&#8221;][vc_column_text]\u00c7eyrek as\u0131rd\u0131r; onlarca farkl\u0131 sekt\u00f6rden \u00f6zel \u015firkete,\u00a0lider\u00a0holdinglere, savunma sanayiinin \u00f6nc\u00fc\u00a0isimlerine, in\u015faat \u015firketlerine, bakanl\u0131klara, kamu kurum ve kurulu\u015flar\u0131na, \u00f6zel ve devlet olmak \u00fczere birbirinden de\u011ferli\u00a0hastanelere, \u00fcniversitelere, dernekler\u00a0ve\u00a0vak\u0131flar gibi\u00a0y\u00fczlerce farkl\u0131 firmaya hizmet verdik. Alanlar\u0131nda uzman birbirinden \u00f6zel mimarl\u0131k, i\u00e7 mimarl\u0131k ve proje ofisleriyle ortak \u00e7al\u0131\u015fmalar y\u00fcr\u00fctt\u00fck.<\/p>\n<p>Bu yolda birlikte y\u00fcr\u00fcd\u00fc\u011f\u00fcm\u00fcz ve yan\u0131nda durdu\u011fumuz t\u00fcm firmalar\u0131m\u0131z\u0131n mutluluk verici geri bildirimleriyle yolumuza devam ediyor, bize g\u00fcvenen y\u00fczleri g\u00fcl\u00fcmsetmeye devam ediyoruz\u2026[\/vc_column_text][\/vc_column][\/vc_row][vc_row background_style=&#8221;cover&#8221; full_width=&#8221;&#8221; parallax=&#8221;&#8221; parallax_image=&#8221;&#8221;][vc_column][vc_wp_custommenu nav_menu=&#8221;43&#8243; slug=&#8221;services&#8221; el_class=&#8221;wp-custom-menu&#8221;][\/vc_column][\/vc_row][vc_row expanded=&#8221;1&#8243; background_style=&#8221;cover&#8221; css=&#8221;.vc_custom_1434341382088{margin-bottom: 20px !important;}&#8221;][vc_column width=&#8221;1\/2&#8243;][vc_media_grid element_width=&#8221;12&#8243; grid_id=&#8221;vc_gid:1461054797220-10aa160c-fcf3-2&#8243; include=&#8221;3108,3100,3094,3088,3085,3077,3072,3064,3052,3057,2970,3004,3015,3051,3048,3019,3017,3070,3087,3106&#8243;][\/vc_column][vc_column width=&#8221;1\/2&#8243; css=&#8221;.vc_custom_1434078899668{padding-right: 0px !important;padding-left: 0px !important;}&#8221;][vc_column_text]<\/p>\n<h2><strong>Devlet Kurulu\u015flar\u0131\u00a0<\/strong><\/h2>\n<p>ADALET BAKANLI\u011eI \/ HAK\u0130MLER ve SAVCILAR Y\u00dcKSEK KURULU<\/p>\n<p>ANKARA EMN\u0130YET M\u00dcD\u00dcRL\u00dc\u011e\u00dc<\/p>\n<p>ANKARA SOSYAL B\u0130L\u0130MLER FAK\u00dcLTES\u0130<\/p>\n<p>ANKARA VAL\u0130L\u0130\u011e\u0130 112 B\u0130NALARI<\/p>\n<p>BA\u015eBAKANLIK DI\u015e T\u0130CARET M\u00dcSTE\u015eARLI\u011eI SERBEST B\u00d6LGE M\u00dcD.<\/p>\n<p>BAYINDIRLIK BAK.YAPI DENET\u0130M<\/p>\n<p>BOTA\u015e A.\u015e.<\/p>\n<p>\u00c7ALI\u015eMA ve SOSYAL G\u00dcVENL\u0130K BAKANLI\u011eI<\/p>\n<p>\u00c7ANKAYA BELED\u0130YES\u0130<\/p>\n<p>\u00c7ANKAYA BELED\u0130YES\u0130<\/p>\n<p>\u00c7ANKIRI S\u0130LAH FABR\u0130KASI<\/p>\n<p>\u00c7EVRE VE \u015eEH\u0130RC\u0130L\u0130K BAKANLI\u011eI<\/p>\n<p>DI\u015e\u0130\u015eLER\u0130 BAKANLI\u011eI<\/p>\n<p>EMN\u0130YET GENEL M\u00dcD\u00dcRL\u00dc\u011e\u00dc<\/p>\n<p>EMN\u0130YET KOORD\u0130NASYON MERKEZ\u0130<\/p>\n<p>EMN\u0130YET \u00d6ZEL HAREKAT DA\u0130.B\u015eK<\/p>\n<p>GEN\u00c7L\u0130K SPOR GENEL M\u00dcD\u00dcRL\u00dc\u011e\u00dc<\/p>\n<p>G\u00dcMR\u00dcK VE T\u0130CARET BAKANLI\u011eI<\/p>\n<p>HAVA KUVVETLER\u0130 \u0130ST\u0130HBARAT<\/p>\n<p>HAVA KUVVETLER\u0130 K.LI\u011eI SPOR SALONU<\/p>\n<p>HAVA KUVVETLER\u0130-BELBA\u015eI<\/p>\n<p>HAZ\u0130NE M\u00dcSTE\u015eARLI\u011eI<\/p>\n<p>\u0130\u00c7 \u0130\u015eLER\u0130 BAKANLI\u011eI \u0130D. ve MAL\u0130 \u0130\u015eLER DA\u0130.BA\u015eK.<\/p>\n<p>JANDARMA E\u011e\u0130T\u0130M KOMUTANLI\u011eI<\/p>\n<p>JANDARMA \u0130ST\u0130HKAM KOMUTANLI\u011eI<\/p>\n<p>KARA HAVACILIK OKUL KOMUTANLI\u011eI<\/p>\n<p>KARA KUVVETLER\u0130 KOMUTANLI\u011eI 4. KOLORDU KOMUTANLI\u011eI<\/p>\n<p>KARA KUVVETLER\u0130 KOMUTANLI\u011eI MEBS OKULU ve E\u011e\u0130T\u0130M MERKEZ\u0130<\/p>\n<p>KARA KUVVETLER\u0130 KOMUTANLI\u011eI LOJ\u0130ST\u0130K, KARARGAH B\u0130RL\u0130K, H\u0130ZMET B\u00d6L\u00dcK<\/p>\n<p>KARAB\u00dcK ENERJ\u0130<\/p>\n<p>KAZAK\u0130STAN Y\u00dcKSEK MAHKEMELER\u0130<\/p>\n<p>KIZILCAHAMAM DO\u011eALGAZ DAPITIM A.\u015e.<\/p>\n<p>K\u00dcLT\u00dcR VE TUR\u0130ZM BAKANLI\u011eI TEL\u0130F HAKLARI GN. MD.L\u00dc\u011e\u00dc<\/p>\n<p>MAL\u0130YE BAKANLI\u011eI VERG\u0130 DENET\u0130M KURULU BA\u015eKANLI\u011eI<\/p>\n<p>M\u0130T M\u00dcSTE\u015eARLI\u011eI \u00d6ZEL HAREKAT DA\u0130RE BA\u015eKANLI\u011eI<\/p>\n<p>MKE KAPS\u00dcL FABR\u0130KASI<\/p>\n<p>MTA GENEL M\u00dcD\u00dcRL\u00dc\u011e\u00dc<\/p>\n<p>NOTERLER B\u0130RL\u0130\u011e\u0130<\/p>\n<p>ORMAN GENEL M\u00dcD\u00dcRL\u00dc\u011e\u00dc<\/p>\n<p>POL\u0130S AKADEM\u0130S\u0130 \u2013 An\u0131ttepe<\/p>\n<p>PTT BA\u015e M\u00dcD\u00dcRL\u00dc\u011e\u00dc<\/p>\n<p>PTT B\u0130R\u0130KT\u0130RME ve YARDIM SANDI\u011eI GENEL M\u00dcD\u00dcRL\u00dc\u011e\u00dc<\/p>\n<p>SA\u011eLIK BAKANLI\u011eI<\/p>\n<p>SANAY\u0130 BAKANLI\u011eI<\/p>\n<p>SPOR E\u011e\u0130T\u0130M DA\u0130RE BA\u015eK.<\/p>\n<p>TARIM BAKANLI\u011eI MERKEZ \u0130KMAL M\u00dcD\u00dcRL\u00dc\u011e\u00dc<\/p>\n<p>TARIM KRED\u0130 KOOPERAT\u0130F\u0130<\/p>\n<p>TBMM BA\u015eKANLI\u011eI<\/p>\n<p>TCDD GENEL M\u00dcD\u00dcRL\u00dc\u011e\u00dc<\/p>\n<p>TEA\u015e<\/p>\n<p>TE\u0130A\u015e<\/p>\n<p>TESK<\/p>\n<p>THK GENEL M\u00dcD\u00dcRL\u00dc\u011e\u00dc &#8211; S\u0131hh\u0131ye<\/p>\n<p>THK G\u00d6K\u00c7EN HAVACILIK<\/p>\n<p>T\u0130KA<\/p>\n<p>TOPRAK MAHS\u00dcLLER\u0130 OF\u0130S\u0130 GENEL M\u00dcD\u00dcRL\u00dcK B\u0130NASI<\/p>\n<p>TRT HABER VE SPOR DA\u0130. BA\u015eK.<\/p>\n<p>TRT HABER ve SPOR DA\u0130RES\u0130 BA\u015eKANLI\u011eI<\/p>\n<p>TUB\u0130TAK ULAKB\u0130L\u0130M<\/p>\n<p>TUB\u0130TAK UZAY<\/p>\n<p>T\u00dcB\u0130TAK BA\u015eKANLIK<\/p>\n<p>T\u00dcRK AKRED\u0130TASYON KURUMU<\/p>\n<p>T\u00dcRK KIZILAYI &#8211; AFOM<\/p>\n<p>T\u00dcRK TELEKOM A.\u015e. MUHASEBE ve F\u0130NANMAN M\u00dcD.<\/p>\n<p>T\u00dcRK TELEKOM AYCELL HABERLE\u015eME ve PAZARLAMA A.\u015e.<\/p>\n<p>T\u00dcRK TELEKOM \u0130L M\u00dcD\u00dcRL\u00dc\u011e\u00dc<\/p>\n<p>T\u00dcRK TELEKOM MALZEME DA\u0130RES\u0130 BA\u015eKANLI\u011eI<\/p>\n<p>T\u00dcRK TELEKOM\u00dcN\u0130KASYON A.\u015e.<\/p>\n<p>T\u00dcRK TELEKOM\u00dcN\u0130KASYON PAZ. DA\u0130.BA\u015eK.<\/p>\n<p>T\u00dcRK\u0130YE B\u0130N\u0130C\u0130L\u0130K FEDERASYON BA\u015eKANLI\u011eI<\/p>\n<p>T\u00dcRK\u0130YE B\u00dcY\u00dcK M\u0130LLET MECL\u0130S\u0130 BA\u015eKANLI\u011eI<\/p>\n<p>T\u00dcRK\u0130YE J\u0130MNAST\u0130K FEDERASYON BA\u015eKANLI\u011eI<\/p>\n<p>T\u00dcRK\u0130YE PETROLLER\u0130 ANON\u0130M ORTAKLI\u011eI<\/p>\n<p>T\u00dcRKSAT \u0130STANBUL<\/p>\n<p>\u00dcRD\u00dcN GENEL KURMAY B\u0130NALARI<\/p>\n<p>Y\u00dcKSEK \u00d6\u011eRET\u0130M KURUMU<\/p>\n<p><strong>\u00a0<\/strong><\/p>\n<h2><strong>\u0130N\u015eAAT &#8211; ENERJ\u0130<\/strong><\/h2>\n<p><strong>\u00a0<\/strong><\/p>\n<p>AHMET AYDEN\u0130Z A.\u015e.<\/p>\n<p>AKFEN HOLD\u0130NG<\/p>\n<p>AKSA ANKARA MAK\u0130NA<\/p>\n<p>AKSA MAK\u0130NA<\/p>\n<p>AKSAN KARDAN<\/p>\n<p>ALBATROS SONDAJ<\/p>\n<p>ANKARA T\u0130CARET BORSASI<\/p>\n<p>AT\u0130LLA MAK\u0130NA<\/p>\n<p>AVIAGEN ANADOLU ANA DAMIZLIK A.\u015e.<\/p>\n<p>BAYRAKTAR \u0130N\u015eAAT<\/p>\n<p>BCT \u0130N\u015eAAT<\/p>\n<p>B\u0130R M\u00dcHEND\u0130SL\u0130K<\/p>\n<p>B\u00d6L\u00dcNMEZ PETROL<\/p>\n<p>BUGA OT\u0130S ASANS\u00d6R<\/p>\n<p>CENG\u0130Z HOLD\u0130NG<\/p>\n<p>CPU ALUMINYUM<\/p>\n<p>\u00c7ALIK ENERJ\u0130 A.\u015e.<\/p>\n<p>DEM\u0130RER H\u0130DROL\u0130K<\/p>\n<p>DOR\u00c7E PREFABR\u0130K<\/p>\n<p>DSG YAPI ECETUR A.\u015e.<\/p>\n<p>EFK M\u00dcHEND\u0130SL\u0130K<\/p>\n<p>EKSEN PROJE<\/p>\n<p>ENDOKS ENERJ\u0130<\/p>\n<p>ENVY A.\u015e.<\/p>\n<p>EP\u0130K \u0130N\u015eAAT<\/p>\n<p>ERYA M\u00dcHEND\u0130SL\u0130K<\/p>\n<p>G\u00dcRBA\u011e A.\u015e.<\/p>\n<p>HA\u015eEMO\u011eLU-AHMET AYDEN\u0130Z ORTAK G\u0130R\u0130\u015e\u0130M\u0130<\/p>\n<p>\u0130\u015eB\u0130R YATAK<\/p>\n<p>KO\u00c7O\u011eLU \u0130N\u015eAAT<\/p>\n<p>MAK\u0130MSAN ASFALT<\/p>\n<p>MAK\u0130NEL M\u00dcHEND\u0130SL\u0130K<\/p>\n<p>MNG HOLD\u0130NG<\/p>\n<p>M\u00d6N \u0130N\u015eAAT<\/p>\n<p>NATA HOLD\u0130NG<\/p>\n<p>NFB M\u00dcHEND\u0130SL\u0130K<\/p>\n<p>NUR\u0130\u015e PREFABR\u0130K<\/p>\n<p>NUROL HAVACILIK<\/p>\n<p>NUROL-CENG\u0130Z AD\u0130 ORTAKLI\u011eI<\/p>\n<p>NVS \u0130N\u015eAAT<\/p>\n<p>ORHAN NASLI \u0130N\u015eAAT<\/p>\n<p>\u00d6Z\u00c7EL\u0130K \u0130MAJ TAN<\/p>\n<p>PARAGON TOWER<\/p>\n<p>POL\u0130METAL MADENC\u0130L\u0130K<\/p>\n<p>PREKONS \u0130N\u015eAAT<\/p>\n<p>PRO YAPI<\/p>\n<p>R\u00d6NESANS HOLD\u0130NG &#8211; ANKARA<\/p>\n<p>R\u00d6NESANS HOLD\u0130NG &#8211; \u0130STANBUL<\/p>\n<p>R\u00d6NESANS DEN\u0130ZC\u0130L\u0130K<\/p>\n<p>R\u00d6NESANS MED\u0130KAL<\/p>\n<p>SANKO HOLDING A.\u015e.<\/p>\n<p>SUTA \u0130N\u015eAAT<\/p>\n<p>\u015eA-RA ENERJ\u0130<\/p>\n<p>TASK TEPE AKFEN SU KANAL\u0130ZASYON YAPI A.\u015e.<\/p>\n<p>T\u00dcRK \u0130LA\u00c7 A.\u015e.<\/p>\n<p>T\u00dcRK TRUST ANON\u0130M \u015e\u0130RKET\u0130<\/p>\n<p>UET \u00dcNAL AKPINAR \u0130N\u015eAAT<\/p>\n<p>Y\u00dcKSEL \u0130N\u015eAAT<\/p>\n<p>Y\u00dcKSEL PROJE<\/p>\n<p>ZAFER \u0130N\u015eAAT<\/p>\n<p><strong>\u00a0<\/strong><\/p>\n<h2><strong>TEKNOLOJ\u0130 \u2013 B\u0130L\u0130\u015e\u0130M &#8211; SAVUNMA<\/strong><\/h2>\n<p><strong>\u00a0<\/strong><\/p>\n<p>ARVENTO ARA\u00c7 TAK\u0130P<\/p>\n<p>ASELSANNET<\/p>\n<p>BOTA\u015e &#8211; \u00c7ANAKKALE\/B\u0130GA<\/p>\n<p>BOTA\u015e INTERNATIONAL<\/p>\n<p>CHEVRON INTERNAT\u0130ONAL<\/p>\n<p>CYBERSOFT \/\u015eEKERB\u0130L\u0130\u015e\u0130M<\/p>\n<p>DELEEUW INTERNATIONAL<\/p>\n<p>DRAEGER SAFETY<\/p>\n<p>EK\u0130N TEKNOLOJ\u0130<\/p>\n<p>ELTEMTEK<\/p>\n<p>ENTEGRE ENFORMASYON S\u0130STEMLER\u0130<\/p>\n<p>EVRE A.\u015e.<\/p>\n<p>F\u0130DES TEKNOLOJ\u0130<\/p>\n<p>F\u0130GES A.\u015e. FNSS<\/p>\n<p>FORTE TEKNOLOJ\u0130<\/p>\n<p>GATE ELEKTRON\u0130K<\/p>\n<p>HAVELSAN A.\u015e.<\/p>\n<p>HAVELSAN TEKNOLOJ\u0130<\/p>\n<p>RADAR A.\u015e.<\/p>\n<p>HUAWEI TELEKOM\u0130N\u0130KASYON<\/p>\n<p>\u0130K\u0130 SOFT YAZILIM<\/p>\n<p>\u0130NTA SAVUNMA SAN.T\u0130C.A.\u015e.<\/p>\n<p>LABR\u0130S TEKNOLOJ\u0130<\/p>\n<p>MOB\u0130L\u0130Z B\u0130LG\u0130 VE \u0130LET\u0130\u015e\u0130M TEKNOLOJ\u0130LER\u0130<\/p>\n<p>MODS\u0130MMER (ODT\u00dc STRATEJ\u0130)<\/p>\n<p>NATEK B\u0130L\u0130\u015e\u0130M<\/p>\n<p>NETCAD<\/p>\n<p>NETWENT TEKNOLOJ\u0130<\/p>\n<p>ODAKG\u0130S G\u00dcLTA\u015e YAZILIM<\/p>\n<p>ROKETSAN A.\u015e.<\/p>\n<p>ROKETSAN KONYA<\/p>\n<p>POL\u0130GON SEB\u0130T STM A.\u015e<\/p>\n<p>TAI<\/p>\n<p>TAI UMET<\/p>\n<p>UDEM ULUSLARARASI BELGELEND\u0130RME<\/p>\n<p>USTA YAZILIM<\/p>\n<p>UTEST<\/p>\n<p>VOKSPORTA TEKNOLOJ\u0130 \u00dcR\u00dcNLER\u0130<\/p>\n<p>VOTEL TELEKOM\u00dcN\u0130KASYON<\/p>\n<p>YONCA TEKNOLOJ\u0130<\/p>\n<p>Y\u00dcKSEL SAVUNMA<\/p>\n<p><strong>\u00a0<\/strong><\/p>\n<h2><strong>M\u0130MARLIK &#8211; M\u00dcHEND\u0130SL\u0130K<\/strong><\/h2>\n<p><strong>\u00a0<\/strong><\/p>\n<p>2X1 M\u0130MARLIK<\/p>\n<p>ADOR M\u0130MARLIK<\/p>\n<p>ARKAD M\u0130MARLIK<\/p>\n<p>DERER OMAY M\u0130MARLIK<\/p>\n<p>ELEVEN TASARIM<\/p>\n<p>G\u00dcVENG\u0130Z PROJE<\/p>\n<p>IDEA CONCEPT<\/p>\n<p>DORUK ORHON<\/p>\n<p>\u0130LKER \u0130\u00c7 M\u0130MARLIK<\/p>\n<p>KORAY \u015eAMG\u00dcL-TASARIM OF\u0130S\u0130<\/p>\n<p>MER\u0130\u00c7 M\u0130MARLIK<\/p>\n<p>MEKAN PROJE<\/p>\n<p>NKY M\u0130MARLIK<\/p>\n<p>R\u0130T\u0130M M\u0130MARLIK<\/p>\n<p>SELDA G\u00dcM\u00dc\u015eDO\u011eRAYAN M\u0130MARLIK<\/p>\n<p>TD M\u0130MARLIK<\/p>\n<p>TROY M\u0130MARLIK<\/p>\n<p>TURUNCU M\u0130MARLIK<\/p>\n<p>VEN \u0130\u00c7 M\u0130MARLIK<\/p>\n<p><strong>\u00a0<\/strong><\/p>\n<h2><strong>EL\u00c7\u0130L\u0130KLER \u2013 B\u00dcY\u00dcKEL\u00c7\u0130L\u0130KLER<\/strong><\/h2>\n<p><strong>\u00a0<\/strong><\/p>\n<p>ABD EL\u00c7\u0130L\u0130\u011e\u0130 ANKARA<\/p>\n<p>ARJANT\u0130N B\u00dcY\u00dcKEL\u00c7\u0130L\u0130\u011e\u0130<\/p>\n<p>AVRUPA B\u0130RL\u0130\u011e\u0130<\/p>\n<p>BEL\u00c7\u0130KA B\u00dcY\u00dcKEL\u00c7\u0130L\u0130\u011e\u0130<\/p>\n<p>B\u0130RLE\u015eM\u0130\u015e M\u0130LLETLER<\/p>\n<p>\u00c7AD B\u00dcY\u00dcKEL\u00c7\u0130L\u0130\u011e\u0130<\/p>\n<p>FRANSA B\u00dcY\u00dcKEL\u00c7\u0130L\u0130\u011e\u0130<\/p>\n<p>HIRVAT\u0130STAN B\u00dcY\u00dcKEL\u00c7\u0130L\u0130\u011e\u0130<\/p>\n<p>H\u0130ND\u0130STAN B\u00dcY\u00dcKEL\u00c7\u0130L\u0130\u011e\u0130<\/p>\n<p>ILO &#8211; \u00c7ALI\u015eMA \u00d6RG\u00dcT\u00dc T\u00dcRK\u0130YE TEMS.<\/p>\n<p>\u0130NG\u0130LTERE B\u00dcY\u00dcKEL\u00c7\u0130L\u0130\u011e\u0130<\/p>\n<p>\u0130TALYAN B\u00dcY\u00dcKEL\u00c7\u0130L\u0130\u011e\u0130<\/p>\n<p>KANADA EL\u00c7\u0130L\u0130\u011e\u0130<\/p>\n<p>KORE B\u00dcY\u00dcKEL\u00c7\u0130L\u0130\u011e\u0130<\/p>\n<p>KOSTAR\u0130KA B\u00dcY\u00dcKEL\u00c7\u0130L\u0130\u011e\u0130<\/p>\n<p>RUSYA B\u00dcY\u00dcKEL\u00c7\u0130L\u0130\u011e\u0130<\/p>\n<p>SAUD\u0130 ARAB\u0130AN A\u0130RL\u0130NES<\/p>\n<p>ULUSLARARASI KIZILAY ve KIZILHA\u00c7 DERNE\u011e\u0130 FEDERASYONU<\/p>\n<p>YUNAN\u0130STAN B\u00dcY\u00dcKEL\u00c7\u0130L\u0130\u011e\u0130<\/p>\n<h2><strong>\u00d6zel \u015eirketler\u00a0<\/strong><\/h2>\n<p>BA\u015eTA\u015e HAZIR BETON<\/p>\n<p>COSMIC CREATIVE<\/p>\n<p>CUMHUR\u0130YET GAZETES\u0130<\/p>\n<p>\u00c7A\u011eDA\u015e MARKETLER<\/p>\n<p>ERTUN\u00c7 \u00d6ZCAN MED\u0130KAL<\/p>\n<p>FEDEX<\/p>\n<p>F\u0130LL\u0130 \u2013 NETECS BOYA ve K\u0130MYA SAN. A.\u015e.<\/p>\n<p>FORD BA\u015eER OTO<\/p>\n<p>H\u0130LTON OTEL<\/p>\n<p>\u0130NCEKARALAR TIBBI C\u0130HAZLAR<\/p>\n<p>\u0130SHAKOL BOYA SAN. A.\u015e.<\/p>\n<p>JOTUN BOYA<\/p>\n<p>KARCHER<\/p>\n<p>KNAUF AL\u00c7I<\/p>\n<p>MYB\u0130LET<\/p>\n<p>NOVART\u0130S<\/p>\n<p>OF\u0130SYEM<\/p>\n<p>OPAL<\/p>\n<p>OPT\u0130MUM \u0130\u015e MERKEZ\u0130 \u0130DAR\u0130 B\u0130R\u0130MLER<\/p>\n<p>OTOYOL YATIRIM<\/p>\n<p>POLAT HAZIR BETON<\/p>\n<p>PREFABR\u0130K YAPI ELEMANLARI SAN. T\u0130C. LTD. \u015eT\u0130.<\/p>\n<p>RIGIPS &#8211; SAINT GOBAIN<\/p>\n<p>SEYHAN HAZIR BETON<\/p>\n<p>SOFRA YEMEK<\/p>\n<p>\u015eEKERC\u0130LER MARKET<\/p>\n<p>TOYOTA PLAZA RE\u0130S<\/p>\n<p>UZALTA\u015e<\/p>\n<p>VOITH HYDRO<\/p>\n<p>Y\u0130\u011e\u0130T HAZIR BETON<\/p>\n<p>Y\u00d6NTA\u015e A.\u015e.<\/p>\n<p><strong>\u00a0<\/strong><\/p>\n<p><strong>E\u011e\u0130T\u0130M \u2013 \u00d6\u011eRET\u0130M\u00a0<\/strong><\/p>\n<p><strong>\u00a0<\/strong><\/p>\n<p>29 MAYIS DEVLET HASTANES\u0130<\/p>\n<p>ABC KOLEJ\u0130<\/p>\n<p>AMER\u0130KAN OKULU<\/p>\n<p>ANKARA \u00dcN\u0130VERS\u0130TES\u0130 TIP FAK\u00dcLTES\u0130<\/p>\n<p>BA\u015eKENT \u00dcN\u0130VERS\u0130TE \u0130STANBUL<\/p>\n<p>BA\u015eKENT \u00dcN\u0130VERS\u0130TES\u0130 HASTANELER\u0130 \/ Ankara<\/p>\n<p>GAZ\u0130 HASTANES\u0130 TIP FAK\u00dcLTES\u0130<\/p>\n<p>GAZ\u0130 \u00dcN\u0130VERS\u0130TES\u0130 SA\u011eLIK K\u00dcLT\u00dcR SPOR DA\u0130.BA\u015eK.<\/p>\n<p>HACETTEPE ADL\u0130 TIP<\/p>\n<p>HACETTEPE BAB<\/p>\n<p>HACETTEPE \u00dcN\u0130V.D\u00d6NER SERMAYE \u0130\u015eL.<\/p>\n<p>HACETTEPE \u00dcN\u0130VERS\u0130TES\u0130 K\u00d6K H\u00dcCRE<\/p>\n<p>\u0130NG\u0130LTERE B\u00dcY\u00dcKEL\u00c7\u0130L\u0130\u011e\u0130 OKULU<\/p>\n<p>ODT\u00dc B\u0130LT\u0130R MERKEZ\u0130<\/p>\n<p>ODT\u00dc GEL\u0130\u015eT\u0130RME VAKFI OKULLARI<\/p>\n<p>ORTA DO\u011eU TEKN\u0130K \u00dcN\u0130VERS\u0130TES\u0130 M\u00dcHEND\u0130SL\u0130K B\u0130L\u0130MLER\u0130<\/p>\n<p>OYA AKIN KOLEJ\u0130<\/p>\n<p>S.S.K. ANKARA E\u011e\u0130T\u0130M HASTANES\u0130<\/p>\n<p>SINAV KOLEJ\u0130<\/p>\n<p>UMRAM &#8211; B\u0130LKENT MR MERKEZ\u0130<\/p>\n<h2><strong>DERNEKLER &#8211; SEND\u0130KALAR<\/strong><\/h2>\n<p>ANKARA GEN\u00c7 \u0130\u015eADAMLARI DERNE\u011e\u0130<\/p>\n<p>ANKARA G\u0130Y\u0130M SANAY\u0130C\u0130LER\u0130 DERNE\u011e\u0130<\/p>\n<p>ANKARA T\u0130CARET ODASI HUBUBAT ALIM SATI\u015e BORSASI &#8211; AH\u0130BOZ<\/p>\n<p>MAHALL\u0130 \u0130DARELER \u0130\u015eVERENLER\u0130 SEND\u0130KASI<\/p>\n<p>MAKARNA SAN. DER.<\/p>\n<p>MUTLU \u00c7OCUKLAR DERNE\u011e\u0130<\/p>\n<p>ORMAN-\u0130\u015e SEND\u0130KASI<\/p>\n<p>TES-\u0130\u015e SEND\u0130KASI GENEL M\u00dcD\u00dcRL\u00dc&#8217;\u011e\u00dc<\/p>\n<p>T\u00dcRK ECZACILAR B\u0130RL\u0130\u011e\u0130<\/p>\n<p>T\u00dcRK\u0130YE A\u0130LE PLANLAMASI DERNE\u011e\u0130<\/p>\n<p>T\u00dcRK\u0130YE B\u0130L\u0130\u015e\u0130M DERNE\u011e\u0130<\/p>\n<p>T\u00dcRK\u0130YE GAZBETON \u00dcRET\u0130C\u0130LER\u0130 DERNE\u011e\u0130<\/p>\n<p>T\u00dcRK\u0130YE \u0130\u015eVEREN SEND\u0130KALARI KONFEDERASYONU<\/p>\n<p>T\u00dcRK\u0130YE PS\u0130K\u0130YATR\u0130 DERNE\u011e\u0130<\/p>\n<p>YUMURTA \u00dcRET\u0130C\u0130LER MERKEZ B\u0130RL\u0130\u011e\u0130[\/vc_column_text][\/vc_column][\/vc_row]<\/p>\n","protected":false},"excerpt":{"rendered":"<p>[vc_row background_style=&#8221;cover&#8221; full_width=&#8221;&#8221; parallax=&#8221;&#8221; parallax_image=&#8221;&#8221; css=&#8221;.vc_custom_1433492643327{margin-top: 100px !important;}&#8221;][vc_column width=&#8221;1\/2&#8243; css=&#8221;.vc_custom_1433492792397{padding-right: 30px !important;padding-bottom: 60px !important;}&#8221;][section_header use_decoration=&#8221;0&#8243; main_heading=&#8221;REFERANSLARIMIZ&#8221; text_align=&#8221;left&#8221; font_size=&#8221;xlarge&#8221; color=&#8221;#000000&#8243; css=&#8221;.vc_custom_1460906301580{margin-top: -15px !important;}&#8221;][vc_column_text] Biz her i\u015fimizin alt\u0131na imzam\u0131z\u0131 atar\u0131z. \u00c7eyrek as\u0131rd\u0131r bizimle g\u00fclen y\u00fczler en b\u00fcy\u00fck kan\u0131t\u0131m\u0131z\u2026 [\/vc_column_text][\/vc_column][vc_column width=&#8221;1\/2&#8243; css=&#8221;.vc_custom_1433493327239{padding-bottom: 60px !important;}&#8221;][vc_column_text]\u00c7eyrek as\u0131rd\u0131r; onlarca farkl\u0131 sekt\u00f6rden \u00f6zel \u015firkete,\u00a0lider\u00a0holdinglere, savunma sanayiinin \u00f6nc\u00fc\u00a0isimlerine, in\u015faat \u015firketlerine, bakanl\u0131klara, kamu kurum&hellip;<\/p>\n","protected":false},"author":1,"featured_media":2963,"parent":0,"menu_order":0,"comment_status":"open","ping_status":"open","template":"fullwidth.php","meta":{"_vp_format_video_url":"","_vp_image_focal_point":[]},"_links":{"self":[{"href":"http:\/\/masofis.com\/masproje\/wp-json\/wp\/v2\/pages\/294"}],"collection":[{"href":"http:\/\/masofis.com\/masproje\/wp-json\/wp\/v2\/pages"}],"about":[{"href":"http:\/\/masofis.com\/masproje\/wp-json\/wp\/v2\/types\/page"}],"author":[{"embeddable":true,"href":"http:\/\/masofis.com\/masproje\/wp-json\/wp\/v2\/users\/1"}],"replies":[{"embeddable":true,"href":"http:\/\/masofis.com\/masproje\/wp-json\/wp\/v2\/comments?post=294"}],"version-history":[{"count":14,"href":"http:\/\/masofis.com\/masproje\/wp-json\/wp\/v2\/pages\/294\/revisions"}],"predecessor-version":[{"id":3256,"href":"http:\/\/masofis.com\/masproje\/wp-json\/wp\/v2\/pages\/294\/revisions\/3256"}],"wp:featuredmedia":[{"embeddable":true,"href":"http:\/\/masofis.com\/masproje\/wp-json\/wp\/v2\/media\/2963"}],"wp:attachment":[{"href":"http:\/\/masofis.com\/masproje\/wp-json\/wp\/v2\/media?parent=294"}],"curies":[{"name":"wp","href":"https:\/\/api.w.org\/{rel}","templated":true}]}}