{"id":1476,"date":"2015-05-29T01:43:00","date_gmt":"2015-05-29T01:43:00","guid":{"rendered":"http:\/\/hnd.detheme.com\/?page_id=5"},"modified":"2017-06-21T12:04:03","modified_gmt":"2017-06-21T12:04:03","slug":"home-kenburns","status":"publish","type":"page","link":"http:\/\/masofis.com\/masproje\/","title":{"rendered":"Anasayfa"},"content":{"rendered":"<p>[vc_row background_style=&#8221;cover&#8221; css=&#8221;.vc_custom_1436151303319{margin-bottom: 0px !important;}&#8221;][vc_column][rev_slider_vc alias=&#8221;main-slider_kenburns&#8221;][\/vc_column][\/vc_row][vc_row background_style=&#8221;cover&#8221; css=&#8221;.vc_custom_1434525323785{margin-top: 100px !important;margin-bottom: 100px !important;}&#8221; el_id=&#8221;welcome&#8221;][vc_column][section_header use_decoration=&#8221;0&#8243; main_heading=&#8221;MAS PROJE&#8217;YE HO\u015e GELD\u0130N\u0130Z!&#8221; text_align=&#8221;left&#8221; font_size=&#8221;xlarge&#8221; color=&#8221;#000000&#8243; spy=&#8221;uk-animation-slide-left&#8221; css=&#8221;.vc_custom_1460107070594{margin-top: 60px !important;}&#8221;][vc_column_text css_animation=&#8221;left-to-right&#8221;]<\/p>\n<p style=\"text-align: left; font-family: lora; font-size: 24px; font-style: italic;\"><span style=\"color: #929292;\">Burada her \u015fey sizin mutlulu\u011funuz\u00a0i\u00e7in&#8230;<\/span><\/p>\n<p>[\/vc_column_text][vc_row_inner][vc_column_inner width=&#8221;1\/2&#8243; css=&#8221;.vc_custom_1434099151225{margin-bottom: 40px !important;padding-right: 30px !important;padding-left: 0px !important;}&#8221;][vc_column_text css_animation=&#8221;left-to-right&#8221;]<\/p>\n<p style=\"text-align: left; font-size: 30px;\">\u00c7eyrek as\u0131rl\u0131k deneyimimiz ve ilk g\u00fcnk\u00fc heyecan\u0131m\u0131zla yarat\u0131c\u0131 \u00e7\u00f6z\u00fcmleri g\u00fc\u00e7l\u00fc tasar\u0131mlarla bir araya getiriyoruz.<\/p>\n<p>[\/vc_column_text][\/vc_column_inner][vc_column_inner el_class=&#8221;xs-no-border xs-padding-inherit&#8221; width=&#8221;1\/2&#8243; css=&#8221;.vc_custom_1434098849221{border-left-width: 1px !important;padding-left: 30px !important;border-left-color: rgba(0,0,0,0.1) !important;border-left-style: solid !important;}&#8221;][vc_column_text css_animation=&#8221;right-to-left&#8221;]Sizin i\u00e7in konforlu, ferah, stil sahibi, i\u015flevsel ve ilham verici \u00e7al\u0131\u015fma alanlar\u0131 yarat\u0131yoruz. \u00c7\u00fcnk\u00fc iyi mimari projelerin y\u00fcksek i\u015f performans\u0131n\u0131 da beraberinde getirdi\u011fini biliyoruz.\u00a0Kusursuz hizmet anlay\u0131\u015f\u0131m\u0131zla sizin i\u00e7in, size \u00f6zel \u00e7izgiler \u00e7iziyor, s\u0131radan bir \u00e7izgi ola\u011fan\u00fcst\u00fc hale gelene kadar \u00e7al\u0131\u015f\u0131yoruz&#8230;[\/vc_column_text][\/vc_column_inner][\/vc_row_inner][\/vc_column][\/vc_row][vc_row expanded=&#8221;1&#8243; background_style=&#8221;cover&#8221; css=&#8221;.vc_custom_1460440678357{margin-bottom: 0px !important;}&#8221;][vc_column css=&#8221;.vc_custom_1433494649186{padding-right: 0px !important;padding-left: 0px !important;}&#8221;][ess_grid alias=&#8221;services-homepage&#8221;][\/vc_column][\/vc_row][vc_row expanded=&#8221;2&#8243; background_style=&#8221;parallax&#8221; css=&#8221;.vc_custom_1460440628293{margin-top: -1px !important;margin-bottom: 0px !important;padding-top: 60px !important;padding-bottom: 60px !important;}&#8221; background_image=&#8221;2956&#8243;][vc_column css=&#8221;.vc_custom_1433494649186{padding-right: 0px !important;padding-left: 0px !important;}&#8221;][vc_column_text]<\/p>\n<p style=\"text-align: center; font-family: montserrat; font-weight: 800; font-size: 1.6em;\"><a style=\"color: #fff;\" href=\"#\">NEDEN MAS PROJE?<\/a><\/p>\n<p>[\/vc_column_text][\/vc_column][\/vc_row][vc_row expanded=&#8221;1&#8243; background_style=&#8221;cover&#8221; css=&#8221;.vc_custom_1433729377418{margin-top: 0px !important;}&#8221;][vc_column width=&#8221;1\/3&#8243; css=&#8221;.vc_custom_1433830438575{border-top-width: 1px !important;border-bottom-width: 1px !important;padding-top: 100px !important;padding-right: 100px !important;padding-bottom: 100px !important;padding-left: 100px !important;border-top-color: rgba(0,0,0,0.1) !important;border-top-style: solid !important;border-bottom-color: rgba(0,0,0,0.1) !important;border-bottom-style: solid !important;}&#8221; el_class=&#8221;equal-height&#8221;][vc_single_image image=&#8221;3382&#8243; img_size=&#8221;257&#215;257&#8243; alignment=&#8221;center&#8221; css_animation=&#8221;left-to-right&#8221;][vc_column_text css_animation=&#8221;left-to-right&#8221;]<\/p>\n<h2 style=\"text-align: center;\"><span style=\"color: #000000;\">S\u0130ZE \u00d6ZEL<\/span><\/h2>\n<p style=\"text-align: center;\">Sizi tan\u0131yor, i\u015finizin gerekliliklerini ve\u00a0ihtiya\u00e7lar\u0131n\u0131z\u0131 belirliyor ve tamamen size \u00f6zel \u00e7\u00f6z\u00fcmler \u00fcretiyoruz.<\/p>\n<p>[\/vc_column_text][\/vc_column][vc_column width=&#8221;1\/3&#8243; css=&#8221;.vc_custom_1433830445334{border-top-width: 1px !important;border-right-width: 1px !important;border-bottom-width: 1px !important;border-left-width: 1px !important;padding-top: 100px !important;padding-right: 100px !important;padding-bottom: 100px !important;padding-left: 100px !important;border-left-color: rgba(0,0,0,0.1) !important;border-left-style: solid !important;border-right-color: rgba(0,0,0,0.1) !important;border-right-style: solid !important;border-top-color: rgba(0,0,0,0.1) !important;border-top-style: solid !important;border-bottom-color: rgba(0,0,0,0.1) !important;border-bottom-style: solid !important;}&#8221; el_class=&#8221;equal-height&#8221;][vc_single_image image=&#8221;3383&#8243; img_size=&#8221;257&#215;257&#8243; alignment=&#8221;center&#8221; css_animation=&#8221;bottom-to-top&#8221;][vc_column_text css_animation=&#8221;bottom-to-top&#8221;]<\/p>\n<h2 style=\"text-align: center;\"><span style=\"color: #000000;\">FONKS\u0130YONEL<\/span><\/h2>\n<p style=\"text-align: center;\">Y\u00fcksek i\u015f performans\u0131 i\u00e7in;\u00a0konforlu, ferah, stil sahibi, fonksiyonel\u00a0ve ilham verici \u00e7al\u0131\u015fma alanlar\u0131 yarat\u0131yoruz.<\/p>\n<p>[\/vc_column_text][\/vc_column][vc_column width=&#8221;1\/3&#8243; css=&#8221;.vc_custom_1433830453062{border-top-width: 1px !important;border-bottom-width: 1px !important;padding-top: 100px !important;padding-right: 100px !important;padding-bottom: 100px !important;padding-left: 100px !important;border-top-color: rgba(0,0,0,0.1) !important;border-top-style: solid !important;border-bottom-color: rgba(0,0,0,0.1) !important;border-bottom-style: solid !important;}&#8221; el_class=&#8221;equal-height&#8221;][vc_single_image image=&#8221;2917&#8243; img_size=&#8221;257&#215;257&#8243; alignment=&#8221;center&#8221; css_animation=&#8221;right-to-left&#8221;][vc_column_text css_animation=&#8221;right-to-left&#8221;]<\/p>\n<h2 style=\"text-align: center;\"><span style=\"color: #000000;\">ANAHTAR TESL\u0130M<\/span><\/h2>\n<p style=\"text-align: center;\"><span style=\"color: #000000;\">Projelendirilecek alan\u0131n\u0131z\u0131 d\u00f6rt duvar olarak teslim al\u0131yor,\u00a0\u00e7al\u0131\u015fmaya haz\u0131r bir \u015fekilde teslim ediyoruz.<\/span><\/p>\n<p>[\/vc_column_text][\/vc_column][\/vc_row][vc_row expanded=&#8221;1&#8243; background_style=&#8221;cover&#8221; full_width=&#8221;&#8221; parallax=&#8221;&#8221; parallax_image=&#8221;&#8221;][vc_column css=&#8221;.vc_custom_1433298565156{padding-right: 0px !important;padding-left: 0px !important;}&#8221;][vc_separator color=&#8221;custom&#8221; border_width=&#8221;7&#8243; accent_color=&#8221;rgba(0,0,0,0.1)&#8221;][\/vc_column][\/vc_row][vc_row background_style=&#8221;cover&#8221; css=&#8221;.vc_custom_1433305333338{padding-top: 100px !important;padding-bottom: 100px !important;}&#8221;][vc_column][vc_row_inner][vc_column_inner width=&#8221;1\/3&#8243;][\/vc_column_inner][vc_column_inner width=&#8221;1\/3&#8243;][vc_column_text css_animation=&#8221;top-to-bottom&#8221;]<img loading=\"lazy\" class=\" wp-image-2992 aligncenter\" src=\"http:\/\/masofis.com\/masproje\/wp-content\/uploads\/2015\/05\/quote-icon-transp.png\" alt=\"quote-icon-transp\" width=\"99\" height=\"99\" srcset=\"http:\/\/masofis.com\/masproje\/wp-content\/uploads\/2015\/05\/quote-icon-transp.png 256w, http:\/\/masofis.com\/masproje\/wp-content\/uploads\/2015\/05\/quote-icon-transp-150x150.png 150w, http:\/\/masofis.com\/masproje\/wp-content\/uploads\/2015\/05\/quote-icon-transp-180x180.png 180w, http:\/\/masofis.com\/masproje\/wp-content\/uploads\/2015\/05\/quote-icon-transp-240x240.png 240w\" sizes=\"(max-width: 99px) 100vw, 99px\" \/><\/p>\n<h3 style=\"text-align: center;\">Bizi nas\u0131l bilirler?<\/h3>\n<p>[\/vc_column_text][\/vc_column_inner][vc_column_inner width=&#8221;1\/3&#8243;][\/vc_column_inner][\/vc_row_inner][dt_carousel speed=&#8221;1800&#8243; autoplay=&#8221;1&#8243; interval=&#8221;10000&#8243; pagination_color=&#8221;#edd500&#8243; pagination_size=&#8221;31&#8243;][vc_row_inner][vc_column_inner width=&#8221;2\/12&#8243;][\/vc_column_inner][vc_column_inner width=&#8221;8\/12&#8243;][vc_column_text css_animation=&#8221;bottom-to-top&#8221;]<\/p>\n<p style=\"text-align: center; font-family: arial; font-size: 30px; font-style: italic;\"><span style=\"color: #000000; font-size: 0.8em;\">&#8220;Masofis Mobilya ve Tasar\u0131m Ltd \u015eti. a\u015fa\u011f\u0131da belirtilen proje ve dan\u0131\u015fmanl\u0131k hizmetleri ile mimari proje koordinat\u00f6rl\u00fc\u011f\u00fc hizmetlerini b\u00fcy\u00fck bir titizlik ve ba\u015far\u0131 ile tamamlam\u0131\u015ft\u0131r. Say\u0131n Alev Toral ve de\u011ferli ekibine gerek proje a\u015famas\u0131ndaki y\u00f6nlendirmeleri ve bilgilendirmeleri gerekse projenin ger\u00e7ekle\u015fmesi a\u015famas\u0131ndaki \u00fcst\u00fcn gayretlerinden dolay\u0131 te\u015fekk\u00fcr eder, ba\u015far\u0131l\u0131 \u00e7al\u0131\u015fmalar\u0131n\u0131n devam\u0131n\u0131 dilerim.&#8221;<\/span><\/p>\n<h3 style=\"text-align: center; margin-top: 60px;\"><span style=\"color: #000000;\">Nil\u00fcfer Ar\u0131ak<\/span><\/h3>\n<p style=\"text-align: center;\">Akdan Dan\u0131\u015fmanl\u0131k<\/p>\n<p>[\/vc_column_text][\/vc_column_inner][vc_column_inner width=&#8221;1\/12&#8243; css=&#8221;.vc_custom_1433386496185{margin-bottom: 60px !important;}&#8221;][\/vc_column_inner][\/vc_row_inner][vc_row_inner][vc_column_inner width=&#8221;2\/12&#8243;][\/vc_column_inner][vc_column_inner width=&#8221;8\/12&#8243;][vc_column_text]<\/p>\n<p style=\"text-align: center; font-family: arial; font-size: 24px; font-style: italic;\">Uzun y\u0131llard\u0131r mobilya ihtiya\u00e7lar\u0131m\u0131z\u0131 kar\u015f\u0131layan Mas Ofis&#8217;ten sonra, kendi ofisimizi yapt\u0131rmaya karar verdi\u011fimizde en do\u011fru se\u00e7ene\u011fin Mas Proje olaca\u011f\u0131ndan emindim.\u00a0Ben bir hayal kurdum, onlar daha da iyisini yapt\u0131, hem de hi\u00e7 \u00fczmeden, yormadan ve \u00e7ok k\u0131sa s\u00fcrede !<\/p>\n<p style=\"text-align: center; font-family: arial; font-size: 24px; font-style: italic;\">Her gelenin bunu kim yapt\u0131 dedi\u011fi ofisime eme\u011fi ge\u00e7en t\u00fcm Mas Ofis Ailesine te\u015fekk\u00fcrlerimi sunuyorum.<\/p>\n<h3 style=\"text-align: center; margin-top: 60px;\">Burak \u00dcNAL<\/h3>\n<p style=\"text-align: center;\">BU Proje<\/p>\n<p>[\/vc_column_text][\/vc_column_inner][vc_column_inner width=&#8221;2\/12&#8243;][\/vc_column_inner][\/vc_row_inner][vc_row_inner][vc_column_inner width=&#8221;2\/12&#8243;][\/vc_column_inner][vc_column_inner width=&#8221;8\/12&#8243;][vc_column_text]<\/p>\n<p style=\"text-align: center; font-family: arial; font-size: 24px; font-style: italic;\">Masofis ile 2013 y\u0131l\u0131nda Ak Plaza ikinci kat mobilya tefri\u015fimiz esnas\u0131nda tan\u0131\u015ft\u0131k ve \u00e7al\u0131\u015fmaya ba\u015flad\u0131k. O s\u00fcre\u00e7te i\u015fin projelendirilmesi, sonras\u0131nda sipari\u015fi ve teslim edilmesine kadar ge\u00e7en s\u00fcrede ald\u0131\u011f\u0131m\u0131z profesyonel hizmetten son derece memnun kald\u0131k. 2013 y\u0131l\u0131ndan itibaren mobilya ihtiya\u00e7lar\u0131m\u0131z oldu\u011funda belirli aral\u0131klarla hizmet almaya devam ediyoruz.<\/p>\n<h3 style=\"text-align: center; margin-top: 60px;\">Mehmet YILDIRIM<\/h3>\n<p style=\"text-align: center;\">\u00c7al\u0131k Enerji<\/p>\n<p>[\/vc_column_text][\/vc_column_inner][vc_column_inner width=&#8221;2\/12&#8243;][\/vc_column_inner][\/vc_row_inner][vc_row_inner][vc_column_inner width=&#8221;2\/12&#8243;][\/vc_column_inner][vc_column_inner width=&#8221;8\/12&#8243;][vc_column_text]<\/p>\n<p style=\"text-align: center; font-family: arial; font-size: 24px; font-style: italic;\">Yakla\u015f\u0131k 4 y\u0131ld\u0131r hizmet vermekte oldu\u011fumuz bu sekt\u00f6re hi\u00e7bir ara\u015ft\u0131rma i\u00e7erisine girmeden sizlerle daha \u00f6nceden \u00e7al\u0131\u015fm\u0131\u015f olman\u0131n verdi\u011fi g\u00f6n\u00fcl rahatl\u0131\u011f\u0131 ile yine sizleri tercih etmenin ne kadar do\u011fru oldu\u011funu hem sizlerin ilginizden hem de m\u00fc\u015fterilerimizin geri d\u00f6n\u00fc\u015f ve olumlu ele\u015ftirilerinden anlamak m\u00fcmk\u00fcn.<\/p>\n<p style=\"text-align: center; font-family: arial; font-size: 24px; font-style: italic;\">MasOfis ile \u00e7al\u0131\u015fm\u0131\u015f olmaktan dolay\u0131 b\u00fcy\u00fck keyif ald\u0131\u011f\u0131m\u0131z\u0131 t\u00fcm i\u00e7tenli\u011fimizle sizlerle payla\u015fmak isteriz.<\/p>\n<h3 style=\"text-align: center; margin-top: 60px;\">Baran HOROZ<\/h3>\n<p style=\"text-align: center;\">D\u0130A \u0130n\u015faat<\/p>\n<p>[\/vc_column_text][\/vc_column_inner][vc_column_inner width=&#8221;2\/12&#8243;][\/vc_column_inner][\/vc_row_inner][vc_row_inner][vc_column_inner width=&#8221;2\/12&#8243;][\/vc_column_inner][vc_column_inner width=&#8221;8\/12&#8243;][vc_column_text]<\/p>\n<p style=\"text-align: center; font-family: arial; font-size: 24px; font-style: italic;\">\u015eirketimiz, Mas Mobilya ile 2014 Haziran ay\u0131nda merkez ofisimizin toplant\u0131 ve y\u00f6netici odalar\u0131n\u0131n yenilenme projesi ile \u00e7al\u0131\u015fmaya ba\u015flam\u0131\u015f olup, Pakistan\u2019da devam etmekte olan Additional Housing, Karachi projemizin \u015fantiye ofis mobilyalar\u0131n\u0131n, 2015 Nisan ay\u0131nda ba\u015far\u0131l\u0131 bir ekip ile istenilen zamanda tamamlanmas\u0131yla i\u015f ortakl\u0131\u011f\u0131n\u0131 peki\u015ftirmi\u015ftir.<\/p>\n<p style=\"text-align: center; font-family: arial; font-size: 24px; font-style: italic;\">Uygulama esnas\u0131nda \u00e7\u0131kan sorunlarla ilgili konusunda uzmanla\u015fm\u0131\u015f ekip taraf\u0131ndan h\u0131zl\u0131 m\u00fcdahale edilerek sorunlar \u00e7\u00f6z\u00fcmlenmi\u015ftir.<\/p>\n<p style=\"text-align: center; font-family: arial; font-size: 24px; font-style: italic;\">Mas Mobilya ailesine te\u015fekk\u00fcrlerimizi sunar, ba\u015far\u0131lar\u0131n\u0131n ve i\u015f ortakl\u0131\u011f\u0131m\u0131z\u0131n devam\u0131n\u0131 dileriz.<\/p>\n<h3 style=\"text-align: center; margin-top: 60px;\">\u0130rem AYKURT<\/h3>\n<p style=\"text-align: center;\">Epik Holding<\/p>\n<p>[\/vc_column_text][\/vc_column_inner][vc_column_inner width=&#8221;2\/12&#8243;][\/vc_column_inner][\/vc_row_inner][vc_row_inner][vc_column_inner width=&#8221;2\/12&#8243;][\/vc_column_inner][vc_column_inner width=&#8221;8\/12&#8243;][vc_column_text]<\/p>\n<p style=\"text-align: center; font-family: arial; font-size: 24px; font-style: italic;\">\u015eirketimizin Mas Mobilya firmas\u0131 ile \u00e7al\u0131\u015fmalar\u0131na Ocak 2013\u2019te Ar-ge Binas\u0131 i\u00e7in Mobilya Tefri\u015fi hizmet al\u0131m\u0131 ile ba\u015flay\u0131p, firmadan ilerleyen zamanlarda \u00dcretim Birimi Ofis Alan\u0131 Mobilya Tefri\u015fi, Merkez Bina Ortak Alan Mobilya Tefri\u015fi ve son olarak Ocak 2016\u2019da \u201cArge Binas\u0131 A\u00e7\u0131k Ofis Alanlar\u0131 Yeniden D\u00fczenlenmesi\u201d kapsam\u0131nda demontaj montaj ve yeni ek mobilya tefri\u015fi hizmet al\u0131mlar\u0131 yap\u0131lm\u0131\u015ft\u0131r.<\/p>\n<p style=\"text-align: center; font-family: arial; font-size: 24px; font-style: italic;\">Gerek son hizmet al\u0131m\u0131, gerekse \u00f6nceki \u00e7al\u0131\u015fmalar\u0131 i\u00e7in Mas Mobilya firmas\u0131 ekibine organizasyon ve i\u015f takibindeki ba\u015far\u0131lar\u0131 i\u00e7in te\u015fekk\u00fcr eder, bu ba\u015far\u0131lar\u0131n\u0131n devam\u0131n\u0131 dileriz.<\/p>\n<h3 style=\"text-align: center; margin-top: 60px;\">Taylan TURGAY<\/h3>\n<p style=\"text-align: center;\">FNSS Savunma Sistemleri<\/p>\n<p>[\/vc_column_text][\/vc_column_inner][vc_column_inner width=&#8221;2\/12&#8243;][\/vc_column_inner][\/vc_row_inner][vc_row_inner][vc_column_inner width=&#8221;2\/12&#8243;][\/vc_column_inner][vc_column_inner width=&#8221;8\/12&#8243;][vc_column_text]<\/p>\n<p style=\"text-align: center; font-family: arial; font-size: 24px; font-style: italic;\">Deneyimli kadrosu ve modern hizmet anlay\u0131\u015f\u0131, m\u00fc\u015fteri memnuniyeti odakl\u0131 yakla\u015f\u0131m\u0131 ile B\u00fcrotime ofis mobilyalar\u0131 konusunda cevap alabilece\u011finiz en do\u011fru adres. Kullan\u0131c\u0131lar\u0131na ofislerinde rahat etmelerini sa\u011flayan firman\u0131n t\u00fcm modelleri bulunduklar\u0131 ortama hayat kat\u0131p, gelecekteki ofislerinin nas\u0131l olaca\u011f\u0131n\u0131 bug\u00fcnden ya\u015fatma f\u0131rsat\u0131n\u0131 sa\u011flamaktad\u0131r.<\/p>\n<p style=\"text-align: center; font-family: arial; font-size: 24px; font-style: italic;\">Yakalad\u0131\u011f\u0131 ba\u015far\u0131n\u0131n tesad\u00fcfi olmad\u0131\u011f\u0131n\u0131, vermi\u015f oldu\u011fu hizmet kalitesi ve deneyimli ekibi ile bizlere her g\u00fcn g\u00f6steren Mas Mobilya&#8217;ya te\u015fekk\u00fcr ederiz.<\/p>\n<h3 style=\"text-align: center; margin-top: 60px;\">Murat BAYAR<\/h3>\n<p style=\"text-align: center;\">CCN \u0130n\u015faat<\/p>\n<p>[\/vc_column_text][\/vc_column_inner][vc_column_inner width=&#8221;2\/12&#8243;][\/vc_column_inner][\/vc_row_inner][\/dt_carousel][\/vc_column][\/vc_row][vc_row][vc_column][vc_column_text]<\/p>\n<p>[\/vc_column_text][\/vc_column][\/vc_row][vc_row expanded=&#8221;2&#8243; background_style=&#8221;fixed&#8221; background_image=&#8221;3443&#8243; css=&#8221;.vc_custom_1463133148579{margin-bottom: 0px !important;padding-top: 100px !important;padding-bottom: 0px !important;}&#8221; el_id=&#8221;quote&#8221; gap=&#8221;0&#8243; full_height=&#8221;&#8221; columns_placement=&#8221;middle&#8221; equal_height=&#8221;&#8221; content_placement=&#8221;&#8221; el_class=&#8221;&#8221; background_type=&#8221;image&#8221; video_source=&#8221;local&#8221; background_video=&#8221;&#8221; background_video_webm=&#8221;&#8221; video_bg_url=&#8221;&#8221;][vc_column][vc_row_inner][vc_column_inner width=&#8221;3\/12&#8243;][\/vc_column_inner][vc_column_inner width=&#8221;6\/12&#8243;][vc_column_text css_animation=&#8221;appear&#8221;]<\/p>\n<h2 style=\"text-align: center;\"><img loading=\"lazy\" class=\"alignnone size-full wp-image-2909\" src=\"http:\/\/masofis.com\/masproje\/wp-content\/uploads\/2016\/04\/masproje-firmasi-ankara-logo-site-01.png\" alt=\"Mas Proje, Mas ofis, ankara proje ofisi, ankara i\u00e7 mimarl\u0131k, projelendirme ankara\" width=\"233\" height=\"54\" \/><\/h2>\n<h2 style=\"text-align: center; margin-top: 50px;\"><span style=\"color: #ffffff;\">S\u0130ZE NASIL YARDIMCI OLAB\u0130L\u0130R\u0130Z?<\/span><\/h2>\n<p style=\"text-align: center; margin-top: 20px; font-size: 24px; font-family: lora; font-style: italic;\"><span style=\"color: #ffffff;\">\u0130htiyac\u0131n\u0131z olan projeyi bizimle payla\u015f\u0131n,\u00a0size hayalinizdeki \u00e7al\u0131\u015fma ortam\u0131n\u0131 t\u00fcm detaylar\u0131yla tasarlayal\u0131m. <\/span><\/p>\n<p style=\"text-align: center; margin-top: 20px; font-size: 24px; font-family: lora; font-style: italic;\"><span style=\"color: #ffffff;\">Siz sadece ofisinizin tad\u0131n\u0131 \u00e7\u0131kar\u0131n.<\/span><\/p>\n<p style=\"text-align: center;\"><span style=\"color: #ffffff;\"><a style=\"color: #ffffff;\" href=\"#\">[dticon ico=&#8221;icon-social-facebook43&#8243;][\/dticon]<\/a> \u00a0\u00a0<a style=\"color: #ffffff;\" href=\"#\">[dticon ico=&#8221;icon-social-twitter35&#8243;][\/dticon] <\/a>\u00a0\u00a0<a style=\"color: #ffffff;\" href=\"#\">[dticon ico=&#8221;icon-social-google109&#8243;][\/dticon] <\/a>\u00a0\u00a0<a style=\"color: #ffffff;\" href=\"#\">[dticon ico=&#8221;icon-social-pinterest26&#8243;][\/dticon]<\/a><\/span><\/p>\n<p>[\/vc_column_text][\/vc_column_inner][vc_column_inner width=&#8221;3\/12&#8243;][\/vc_column_inner][\/vc_row_inner][dt_popup el_id=&#8221;request-quote&#8221;][vc_row_inner css=&#8221;.vc_custom_1434349188083{padding-top: 40px !important;padding-bottom: 40px !important;background-color: #38a4b4 !important;}&#8221; el_class=&#8221;height-100-vh&#8221;][vc_column_inner el_class=&#8221;fullscreen-popup-container&#8221;][section_header use_decoration=&#8221;0&#8243; main_heading=&#8221;PROJE PLANLAYICI&#8221; color=&#8221;#ffffff&#8221;][vc_column_text el_class=&#8221;text-white&#8221;]<\/p>\n<p style=\"text-align: center;\">\u0130htiyac\u0131n\u0131z olan projeyi bizimle payla\u015f\u0131n, size hayalinizdeki \u00e7al\u0131\u015fma ortam\u0131n\u0131 t\u00fcm detaylar\u0131yla haz\u0131rlayal\u0131m. Siz sadece ofisinizin tad\u0131n\u0131 \u00e7\u0131kar\u0131n.<\/p>\n<p>[\/vc_column_text]<div role=\"form\" class=\"wpcf7\" id=\"wpcf7-f1023-o1\" lang=\"en-US\" dir=\"ltr\">\n<div class=\"screen-reader-response\"><\/div>\n<form action=\"\/masproje\/wp-json\/wp\/v2\/pages\/1476#wpcf7-f1023-o1\" method=\"post\" class=\"wpcf7-form\" novalidate=\"novalidate\">\n<div style=\"display: none;\">\n<input type=\"hidden\" name=\"_wpcf7\" value=\"1023\" \/>\n<input type=\"hidden\" name=\"_wpcf7_version\" value=\"4.4.2\" \/>\n<input type=\"hidden\" name=\"_wpcf7_locale\" value=\"en_US\" \/>\n<input type=\"hidden\" name=\"_wpcf7_unit_tag\" value=\"wpcf7-f1023-o1\" \/>\n<input type=\"hidden\" name=\"_wpnonce\" value=\"4eea889c89\" \/>\n<\/div>\n<div class=\"row hnd-request-form\">\n<h2>What Are You Looking For?<\/h2>\n<div class=\"col-sm-6\">\n\t\t<span class=\"wpcf7-form-control-wrap your-name\"><input type=\"text\" name=\"your-name\" value=\"\" size=\"40\" class=\"wpcf7-form-control wpcf7-text wpcf7-validates-as-required\" aria-required=\"true\" aria-invalid=\"false\" placeholder=\"Name\" \/><\/span><br \/>\n\t\t<span class=\"wpcf7-form-control-wrap your-email\"><input type=\"email\" name=\"your-email\" value=\"\" size=\"40\" class=\"wpcf7-form-control wpcf7-text wpcf7-email wpcf7-validates-as-required wpcf7-validates-as-email\" aria-required=\"true\" aria-invalid=\"false\" placeholder=\"Email\" \/><\/span><br \/>\n\t\t<span class=\"wpcf7-form-control-wrap interest\"><input type=\"text\" name=\"interest\" value=\"\" size=\"40\" class=\"wpcf7-form-control wpcf7-text\" aria-invalid=\"false\" placeholder=\"What are you interested in?\" \/><\/span><br \/>\n\t\t<span class=\"wpcf7-form-control-wrap additional-service\"><input type=\"text\" name=\"additional-service\" value=\"\" size=\"40\" class=\"wpcf7-form-control wpcf7-text\" aria-invalid=\"false\" placeholder=\"Do you need additional service?\" \/><\/span><br \/>\n\t\t<span class=\"wpcf7-form-control-wrap deadline\"><input type=\"text\" name=\"deadline\" value=\"\" size=\"40\" class=\"wpcf7-form-control wpcf7-text\" aria-invalid=\"false\" placeholder=\"What&#039;s your deadline?\" \/><\/span>\n\t<\/div>\n<div class=\"col-sm-6\">\n\t\t<span class=\"wpcf7-form-control-wrap your-message\"><textarea name=\"your-message\" cols=\"40\" rows=\"10\" class=\"wpcf7-form-control wpcf7-textarea\" aria-invalid=\"false\" placeholder=\"Additional Information\"><\/textarea><\/span>\n\t<\/div>\n<p>\t<input type=\"submit\" value=\"Submit\" class=\"wpcf7-form-control wpcf7-submit\" \/>\n<\/p><\/div>\n<div class=\"wpcf7-response-output wpcf7-display-none\"><\/div><\/form><\/div>[\/vc_column_inner][\/vc_row_inner][\/dt_popup][\/vc_column][\/vc_row]<\/p>\n","protected":false},"excerpt":{"rendered":"<p>[vc_row background_style=&#8221;cover&#8221; css=&#8221;.vc_custom_1436151303319{margin-bottom: 0px !important;}&#8221;][vc_column][rev_slider_vc alias=&#8221;main-slider_kenburns&#8221;][\/vc_column][\/vc_row][vc_row background_style=&#8221;cover&#8221; css=&#8221;.vc_custom_1434525323785{margin-top: 100px !important;margin-bottom: 100px !important;}&#8221; el_id=&#8221;welcome&#8221;][vc_column][section_header use_decoration=&#8221;0&#8243; main_heading=&#8221;MAS PROJE&#8217;YE HO\u015e GELD\u0130N\u0130Z!&#8221; text_align=&#8221;left&#8221; font_size=&#8221;xlarge&#8221; color=&#8221;#000000&#8243; spy=&#8221;uk-animation-slide-left&#8221; css=&#8221;.vc_custom_1460107070594{margin-top: 60px !important;}&#8221;][vc_column_text css_animation=&#8221;left-to-right&#8221;] Burada her \u015fey sizin mutlulu\u011funuz\u00a0i\u00e7in&#8230; [\/vc_column_text][vc_row_inner][vc_column_inner width=&#8221;1\/2&#8243; css=&#8221;.vc_custom_1434099151225{margin-bottom: 40px !important;padding-right: 30px !important;padding-left: 0px !important;}&#8221;][vc_column_text css_animation=&#8221;left-to-right&#8221;] \u00c7eyrek as\u0131rl\u0131k deneyimimiz ve ilk g\u00fcnk\u00fc heyecan\u0131m\u0131zla yarat\u0131c\u0131 \u00e7\u00f6z\u00fcmleri g\u00fc\u00e7l\u00fc tasar\u0131mlarla bir araya getiriyoruz.&hellip;<\/p>\n","protected":false},"author":1,"featured_media":0,"parent":0,"menu_order":0,"comment_status":"open","ping_status":"open","template":"fullwidth.php","meta":{"_vp_format_video_url":"","_vp_image_focal_point":[]},"_links":{"self":[{"href":"http:\/\/masofis.com\/masproje\/wp-json\/wp\/v2\/pages\/1476"}],"collection":[{"href":"http:\/\/masofis.com\/masproje\/wp-json\/wp\/v2\/pages"}],"about":[{"href":"http:\/\/masofis.com\/masproje\/wp-json\/wp\/v2\/types\/page"}],"author":[{"embeddable":true,"href":"http:\/\/masofis.com\/masproje\/wp-json\/wp\/v2\/users\/1"}],"replies":[{"embeddable":true,"href":"http:\/\/masofis.com\/masproje\/wp-json\/wp\/v2\/comments?post=1476"}],"version-history":[{"count":44,"href":"http:\/\/masofis.com\/masproje\/wp-json\/wp\/v2\/pages\/1476\/revisions"}],"predecessor-version":[{"id":3521,"href":"http:\/\/masofis.com\/masproje\/wp-json\/wp\/v2\/pages\/1476\/revisions\/3521"}],"wp:attachment":[{"href":"http:\/\/masofis.com\/masproje\/wp-json\/wp\/v2\/media?parent=1476"}],"curies":[{"name":"wp","href":"https:\/\/api.w.org\/{rel}","templated":true}]}}